{"id":3860,"date":"2023-09-05T02:19:54","date_gmt":"2023-09-05T07:19:54","guid":{"rendered":"https:\/\/copia25thward.infinity-solutions.community\/arte-y-cultura\/"},"modified":"2023-12-19T19:31:29","modified_gmt":"2023-12-20T01:31:29","slug":"arte-y-cultura","status":"publish","type":"page","link":"https:\/\/copia25thward.infinity-solutions.community\/es\/nuestro-distrito\/arte-y-cultura\/","title":{"rendered":"Arte y Cultura"},"content":{"rendered":"\t\t<div data-elementor-type=\"wp-page\" data-elementor-id=\"3860\" class=\"elementor elementor-3860 elementor-2212\" data-elementor-post-type=\"page\">\n\t\t\t\t\t\t<section data-particle_enable=\"false\" data-particle-mobile-disabled=\"false\" class=\"elementor-section elementor-top-section elementor-element elementor-element-0dbfc27 elementor-section-full_width animated-slow elementor-section-height-default elementor-section-height-default elementor-invisible\" data-id=\"0dbfc27\" data-element_type=\"section\" data-e-type=\"section\" data-settings=\"{&quot;background_background&quot;:&quot;classic&quot;,&quot;animation&quot;:&quot;fadeInRight&quot;}\">\n\t\t\t\t\t\t<div class=\"elementor-container elementor-column-gap-default\">\n\t\t\t\t\t<div class=\"elementor-column elementor-col-66 elementor-top-column elementor-element elementor-element-9ccbe9e\" data-id=\"9ccbe9e\" data-element_type=\"column\" data-e-type=\"column\">\n\t\t\t<div class=\"elementor-widget-wrap elementor-element-populated\">\n\t\t\t\t\t\t<div class=\"elementor-element elementor-element-da742a9 elementor-widget elementor-widget-breadcrumbs\" data-id=\"da742a9\" data-element_type=\"widget\" data-e-type=\"widget\" data-widget_type=\"breadcrumbs.default\">\n\t\t\t\t<div class=\"elementor-widget-container\">\n\t\t\t\t\t<div id=\"breadcrumbs\"><span><span><a href=\"https:\/\/copia25thward.infinity-solutions.community\/es\/\">Home<\/a><\/span><\/span><\/div>\t\t\t\t<\/div>\n\t\t\t\t<\/div>\n\t\t\t\t\t<\/div>\n\t\t<\/div>\n\t\t\t\t<div class=\"elementor-column elementor-col-33 elementor-top-column elementor-element elementor-element-c2e90b0 elementor-hidden-mobile\" data-id=\"c2e90b0\" data-element_type=\"column\" data-e-type=\"column\">\n\t\t\t<div class=\"elementor-widget-wrap\">\n\t\t\t\t\t\t\t<\/div>\n\t\t<\/div>\n\t\t\t\t\t<\/div>\n\t\t<\/section>\n\t\t\t\t<section data-particle_enable=\"false\" data-particle-mobile-disabled=\"false\" class=\"elementor-section elementor-top-section elementor-element elementor-element-7d54b5a elementor-section-full_width animated-slow elementor-section-height-default elementor-section-height-default elementor-invisible\" data-id=\"7d54b5a\" data-element_type=\"section\" data-e-type=\"section\" data-settings=\"{&quot;background_background&quot;:&quot;classic&quot;,&quot;animation&quot;:&quot;fadeInRight&quot;}\">\n\t\t\t\t\t\t<div class=\"elementor-container elementor-column-gap-default\">\n\t\t\t\t\t<div class=\"elementor-column elementor-col-66 elementor-top-column elementor-element elementor-element-50ad1ae\" data-id=\"50ad1ae\" data-element_type=\"column\" data-e-type=\"column\">\n\t\t\t<div class=\"elementor-widget-wrap elementor-element-populated\">\n\t\t\t\t\t\t<div class=\"elementor-element elementor-element-ef68bbe elementor-widget__width-initial elementor-widget elementor-widget-heading\" data-id=\"ef68bbe\" data-element_type=\"widget\" data-e-type=\"widget\" data-widget_type=\"heading.default\">\n\t\t\t\t<div class=\"elementor-widget-container\">\n\t\t\t\t\t<h2 class=\"elementor-heading-title elementor-size-default\">Comit\u00e9 de Arte y Cultura del Distrito 25<\/h2>\t\t\t\t<\/div>\n\t\t\t\t<\/div>\n\t\t\t\t<div class=\"elementor-element elementor-element-e20ba68 elementor-widget elementor-widget-text-editor\" data-id=\"e20ba68\" data-element_type=\"widget\" data-e-type=\"widget\" data-widget_type=\"text-editor.default\">\n\t\t\t\t<div class=\"elementor-widget-container\">\n\t\t\t\t\t\t\t\t\t<h3>Acerca del Comit\u00e9 y la Misi\u00f3n<\/h3>\n<p class=\"\">El Comit\u00e9 de Arte y Cultura del Distrito 25 es un organismo de miembros de la comunidad local que participan en actividades culturales dedicadas a fomentar un pr\u00f3spero entorno art\u00edstico en todo el distrito y a preservar los artefactos e instituciones culturales existentes. Como comit\u00e9, su objetivo es proporcionar a los artistas locales oportunidades, contactos, conocimientos y recursos, ya sea a trav\u00e9s de instituciones p\u00fablicas o de entidades privadas. Su objetivo es establecer procesos claros y transparentes para que artistas y residentes participen en iniciativas art\u00edsticas en la comunidad. El objetivo de las actividades es garantizar que la actividad cultural en el distrito beneficie e implique a las comunidades locales en las que se encuentran.<\/p>\n<p>Al principio de mi mandato, convocamos el Comit\u00e9 de Arte y Cultura del Distrito 25, formado por artistas de la comunidad, para abogar por que los artistas que trabajan promuevan y preserven la participaci\u00f3n local en actos culturales relevantes. Nuestra oficina ha luchado por la preservaci\u00f3n del Centro Cultural APO en la calle 18 y estamos trabajando con CDOT y el Comit\u00e9 de Arte y Cultura en la evaluaci\u00f3n, preservaci\u00f3n, restauraci\u00f3n y creaci\u00f3n de nuevos murales a lo largo de la calle 16, junto con un plan para invertir en aceras m\u00e1s accesibles, aparcamiento y carriles bici protegidos. El Comit\u00e9 tambi\u00e9n ha ayudado a restaurar murales como el de Boogie, en la calle 18 y Throop, que narra una historia de prevenci\u00f3n de la violencia en la comunidad. El Comit\u00e9 sigue reuni\u00e9ndose de forma independiente, para quien est\u00e9 interesado en colaborar, puede ponerse en contacto con Teresa Magana en teresa@pilsenartscommunityhouse.org.<\/p>\n\t\t\t\t\t\t\t\t<\/div>\n\t\t\t\t<\/div>\n\t\t\t\t\t<\/div>\n\t\t<\/div>\n\t\t\t\t<div class=\"elementor-column elementor-col-33 elementor-top-column elementor-element elementor-element-cb852f0\" data-id=\"cb852f0\" data-element_type=\"column\" data-e-type=\"column\">\n\t\t\t<div class=\"elementor-widget-wrap\">\n\t\t\t\t\t\t\t<\/div>\n\t\t<\/div>\n\t\t\t\t\t<\/div>\n\t\t<\/section>\n\t\t\t\t<section data-particle_enable=\"false\" data-particle-mobile-disabled=\"false\" class=\"elementor-section elementor-top-section elementor-element elementor-element-dcd6e2a elementor-section-boxed elementor-section-height-default elementor-section-height-default elementor-invisible\" data-id=\"dcd6e2a\" data-element_type=\"section\" data-e-type=\"section\" data-settings=\"{&quot;animation&quot;:&quot;fadeInLeft&quot;}\">\n\t\t\t\t\t\t<div class=\"elementor-container elementor-column-gap-default\">\n\t\t\t\t\t<div class=\"elementor-column elementor-col-100 elementor-top-column elementor-element elementor-element-7e6c289\" data-id=\"7e6c289\" data-element_type=\"column\" data-e-type=\"column\">\n\t\t\t<div class=\"elementor-widget-wrap elementor-element-populated\">\n\t\t\t\t\t\t<div class=\"elementor-element elementor-element-737811a elementor-skin-coverflow elementor-widget elementor-widget-media-carousel\" data-id=\"737811a\" data-element_type=\"widget\" data-e-type=\"widget\" data-settings=\"{&quot;skin&quot;:&quot;coverflow&quot;,&quot;speed&quot;:500,&quot;autoplay&quot;:&quot;yes&quot;,&quot;autoplay_speed&quot;:5000,&quot;loop&quot;:&quot;yes&quot;,&quot;pause_on_hover&quot;:&quot;yes&quot;,&quot;pause_on_interaction&quot;:&quot;yes&quot;,&quot;space_between&quot;:{&quot;unit&quot;:&quot;px&quot;,&quot;size&quot;:10,&quot;sizes&quot;:[]},&quot;space_between_tablet&quot;:{&quot;unit&quot;:&quot;px&quot;,&quot;size&quot;:10,&quot;sizes&quot;:[]},&quot;space_between_mobile&quot;:{&quot;unit&quot;:&quot;px&quot;,&quot;size&quot;:10,&quot;sizes&quot;:[]}}\" data-widget_type=\"media-carousel.default\">\n\t\t\t\t<div class=\"elementor-widget-container\">\n\t\t\t\t\t\t\t\t\t<div class=\"elementor-swiper\">\n\t\t\t\t\t<div class=\"elementor-main-swiper swiper\" role=\"region\" aria-roledescription=\"carousel\" aria-label=\"Slides\">\n\t\t\t\t<div class=\"swiper-wrapper\">\n\t\t\t\t\t\t\t\t\t\t\t<div class=\"swiper-slide\" role=\"group\" aria-roledescription=\"slide\">\n\t\t\t\t\t\t\t\t\t<div class=\"elementor-carousel-image\" role=\"img\" aria-label=\"CasaAztlan_0706\" style=\"background-image: url(&#039;https:\/\/copia25thward.infinity-solutions.community\/wp-content\/uploads\/2023\/09\/CasaAztlan_0706.jpg&#039;)\">\n\n\t\t\t\n\t\t\t\t\t<\/div>\n\t\t\t\t\t\t\t\t<\/div>\n\t\t\t\t\t\t\t\t\t<\/div>\n\t\t\t\t\t\t\t<\/div>\n\t\t\t\t<\/div>\n\t\t\t\t\t\t\t\t<\/div>\n\t\t\t\t<\/div>\n\t\t\t\t\t<\/div>\n\t\t<\/div>\n\t\t\t\t\t<\/div>\n\t\t<\/section>\n\t\t\t\t<\/div>\n\t\t","protected":false},"excerpt":{"rendered":"<p>Comit\u00e9 de Arte y Cultura del Distrito 25 Acerca del Comit\u00e9 y la Misi\u00f3n El Comit\u00e9 de Arte y Cultura del Distrito 25 es un organismo de miembros de la comunidad local que participan en actividades culturales dedicadas a fomentar un pr\u00f3spero entorno art\u00edstico en todo el distrito y a preservar los artefactos e instituciones [&hellip;]<\/p>\n","protected":false},"author":2,"featured_media":0,"parent":5659,"menu_order":0,"comment_status":"closed","ping_status":"closed","template":"","meta":{"site-sidebar-layout":"no-sidebar","site-content-layout":"page-builder","ast-site-content-layout":"full-width-container","site-content-style":"unboxed","site-sidebar-style":"unboxed","ast-global-header-display":"","ast-banner-title-visibility":"","ast-main-header-display":"","ast-hfb-above-header-display":"","ast-hfb-below-header-display":"","ast-hfb-mobile-header-display":"","site-post-title":"disabled","ast-breadcrumbs-content":"","ast-featured-img":"disabled","footer-sml-layout":"","ast-disable-related-posts":"","theme-transparent-header-meta":"","adv-header-id-meta":"","stick-header-meta":"","header-above-stick-meta":"","header-main-stick-meta":"","header-below-stick-meta":"","astra-migrate-meta-layouts":"default","ast-page-background-enabled":"default","ast-page-background-meta":{"desktop":{"background-color":"var(--ast-global-color-4)","background-image":"","background-repeat":"repeat","background-position":"center center","background-size":"auto","background-attachment":"scroll","background-type":"","background-media":"","overlay-type":"","overlay-color":"","overlay-opacity":"","overlay-gradient":""},"tablet":{"background-color":"","background-image":"","background-repeat":"repeat","background-position":"center center","background-size":"auto","background-attachment":"scroll","background-type":"","background-media":"","overlay-type":"","overlay-color":"","overlay-opacity":"","overlay-gradient":""},"mobile":{"background-color":"","background-image":"","background-repeat":"repeat","background-position":"center center","background-size":"auto","background-attachment":"scroll","background-type":"","background-media":"","overlay-type":"","overlay-color":"","overlay-opacity":"","overlay-gradient":""}},"ast-content-background-meta":{"desktop":{"background-color":"var(--ast-global-color-5)","background-image":"","background-repeat":"repeat","background-position":"center center","background-size":"auto","background-attachment":"scroll","background-type":"","background-media":"","overlay-type":"","overlay-color":"","overlay-opacity":"","overlay-gradient":""},"tablet":{"background-color":"var(--ast-global-color-5)","background-image":"","background-repeat":"repeat","background-position":"center center","background-size":"auto","background-attachment":"scroll","background-type":"","background-media":"","overlay-type":"","overlay-color":"","overlay-opacity":"","overlay-gradient":""},"mobile":{"background-color":"var(--ast-global-color-5)","background-image":"","background-repeat":"repeat","background-position":"center center","background-size":"auto","background-attachment":"scroll","background-type":"","background-media":"","overlay-type":"","overlay-color":"","overlay-opacity":"","overlay-gradient":""}},"footnotes":""},"wf_page_folders":[19],"class_list":["post-3860","page","type-page","status-publish","hentry"],"yoast_head":"<!-- This site is optimized with the Yoast SEO plugin v24.6 - https:\/\/yoast.com\/wordpress\/plugins\/seo\/ -->\n<title>Arte y Cultura - 25th Ward<\/title>\n<meta name=\"robots\" content=\"index, follow, max-snippet:-1, max-image-preview:large, max-video-preview:-1\" \/>\n<link rel=\"canonical\" href=\"https:\/\/copia25thward.infinity-solutions.community\/es\/nuestro-distrito\/arte-y-cultura\/\" \/>\n<meta property=\"og:locale\" content=\"es_ES\" \/>\n<meta property=\"og:type\" content=\"article\" \/>\n<meta property=\"og:title\" content=\"Arte y Cultura - 25th Ward\" \/>\n<meta property=\"og:description\" content=\"Comit\u00e9 de Arte y Cultura del Distrito 25 Acerca del Comit\u00e9 y la Misi\u00f3n El Comit\u00e9 de Arte y Cultura del Distrito 25 es un organismo de miembros de la comunidad local que participan en actividades culturales dedicadas a fomentar un pr\u00f3spero entorno art\u00edstico en todo el distrito y a preservar los artefactos e instituciones [&hellip;]\" \/>\n<meta property=\"og:url\" content=\"https:\/\/copia25thward.infinity-solutions.community\/es\/nuestro-distrito\/arte-y-cultura\/\" \/>\n<meta property=\"og:site_name\" content=\"25th Ward\" \/>\n<meta property=\"article:publisher\" content=\"https:\/\/www.facebook.com\/SigchoFor25\" \/>\n<meta property=\"article:modified_time\" content=\"2023-12-20T01:31:29+00:00\" \/>\n<meta property=\"og:image\" content=\"https:\/\/copia25thward.infinity-solutions.community\/wp-content\/uploads\/2023\/08\/Byron-Sigcho-Lopez-Logo-2023-Black.png\" \/>\n\t<meta property=\"og:image:width\" content=\"940\" \/>\n\t<meta property=\"og:image:height\" content=\"788\" \/>\n\t<meta property=\"og:image:type\" content=\"image\/png\" \/>\n<meta name=\"twitter:card\" content=\"summary_large_image\" \/>\n<meta name=\"twitter:site\" content=\"@byronsigcho\" \/>\n<meta name=\"twitter:label1\" content=\"Tiempo de lectura\" \/>\n\t<meta name=\"twitter:data1\" content=\"2 minutos\" \/>\n<script type=\"application\/ld+json\" class=\"yoast-schema-graph\">{\"@context\":\"https:\/\/schema.org\",\"@graph\":[{\"@type\":\"WebPage\",\"@id\":\"https:\/\/copia25thward.infinity-solutions.community\/es\/nuestro-distrito\/arte-y-cultura\/\",\"url\":\"https:\/\/copia25thward.infinity-solutions.community\/es\/nuestro-distrito\/arte-y-cultura\/\",\"name\":\"Arte y Cultura - 25th Ward\",\"isPartOf\":{\"@id\":\"https:\/\/copia25thward.infinity-solutions.community\/#website\"},\"datePublished\":\"2023-09-05T07:19:54+00:00\",\"dateModified\":\"2023-12-20T01:31:29+00:00\",\"breadcrumb\":{\"@id\":\"https:\/\/copia25thward.infinity-solutions.community\/es\/nuestro-distrito\/arte-y-cultura\/#breadcrumb\"},\"inLanguage\":\"es\",\"potentialAction\":[{\"@type\":\"ReadAction\",\"target\":[\"https:\/\/copia25thward.infinity-solutions.community\/es\/nuestro-distrito\/arte-y-cultura\/\"]}]},{\"@type\":\"BreadcrumbList\",\"@id\":\"https:\/\/copia25thward.infinity-solutions.community\/es\/nuestro-distrito\/arte-y-cultura\/#breadcrumb\",\"itemListElement\":[{\"@type\":\"ListItem\",\"position\":1,\"name\":\"Home\",\"item\":\"https:\/\/copia25thward.infinity-solutions.community\/es\/\"},{\"@type\":\"ListItem\",\"position\":2,\"name\":\"Nuestro Distrito\",\"item\":\"https:\/\/copia25thward.infinity-solutions.community\/our-ward\/\"},{\"@type\":\"ListItem\",\"position\":3,\"name\":\"Arte y Cultura\"}]},{\"@type\":\"WebSite\",\"@id\":\"https:\/\/copia25thward.infinity-solutions.community\/#website\",\"url\":\"https:\/\/copia25thward.infinity-solutions.community\/\",\"name\":\"25th Ward\",\"description\":\"25th Ward Official Website\",\"publisher\":{\"@id\":\"https:\/\/copia25thward.infinity-solutions.community\/#organization\"},\"potentialAction\":[{\"@type\":\"SearchAction\",\"target\":{\"@type\":\"EntryPoint\",\"urlTemplate\":\"https:\/\/copia25thward.infinity-solutions.community\/?s={search_term_string}\"},\"query-input\":{\"@type\":\"PropertyValueSpecification\",\"valueRequired\":true,\"valueName\":\"search_term_string\"}}],\"inLanguage\":\"es\"},{\"@type\":\"Organization\",\"@id\":\"https:\/\/copia25thward.infinity-solutions.community\/#organization\",\"name\":\"Byron Sigcho Lopez\",\"alternateName\":\"25th Ward\",\"url\":\"https:\/\/copia25thward.infinity-solutions.community\/\",\"logo\":{\"@type\":\"ImageObject\",\"inLanguage\":\"es\",\"@id\":\"https:\/\/copia25thward.infinity-solutions.community\/#\/schema\/logo\/image\/\",\"url\":\"http:\/\/copia25thward.infinity-solutions.community\/wp-content\/uploads\/2023\/12\/BSL-Black-Logo-2023-1.png\",\"contentUrl\":\"http:\/\/copia25thward.infinity-solutions.community\/wp-content\/uploads\/2023\/12\/BSL-Black-Logo-2023-1.png\",\"width\":854,\"height\":285,\"caption\":\"Byron Sigcho Lopez\"},\"image\":{\"@id\":\"https:\/\/copia25thward.infinity-solutions.community\/#\/schema\/logo\/image\/\"},\"sameAs\":[\"https:\/\/www.facebook.com\/SigchoFor25\",\"https:\/\/x.com\/byronsigcho\",\"https:\/\/www.instagram.com\/sigchofor25\/\"]}]}<\/script>\n<!-- \/ Yoast SEO plugin. -->","yoast_head_json":{"title":"Arte y Cultura - 25th Ward","robots":{"index":"index","follow":"follow","max-snippet":"max-snippet:-1","max-image-preview":"max-image-preview:large","max-video-preview":"max-video-preview:-1"},"canonical":"https:\/\/copia25thward.infinity-solutions.community\/es\/nuestro-distrito\/arte-y-cultura\/","og_locale":"es_ES","og_type":"article","og_title":"Arte y Cultura - 25th Ward","og_description":"Comit\u00e9 de Arte y Cultura del Distrito 25 Acerca del Comit\u00e9 y la Misi\u00f3n El Comit\u00e9 de Arte y Cultura del Distrito 25 es un organismo de miembros de la comunidad local que participan en actividades culturales dedicadas a fomentar un pr\u00f3spero entorno art\u00edstico en todo el distrito y a preservar los artefactos e instituciones [&hellip;]","og_url":"https:\/\/copia25thward.infinity-solutions.community\/es\/nuestro-distrito\/arte-y-cultura\/","og_site_name":"25th Ward","article_publisher":"https:\/\/www.facebook.com\/SigchoFor25","article_modified_time":"2023-12-20T01:31:29+00:00","og_image":[{"width":940,"height":788,"url":"https:\/\/copia25thward.infinity-solutions.community\/wp-content\/uploads\/2023\/08\/Byron-Sigcho-Lopez-Logo-2023-Black.png","type":"image\/png"}],"twitter_card":"summary_large_image","twitter_site":"@byronsigcho","twitter_misc":{"Tiempo de lectura":"2 minutos"},"schema":{"@context":"https:\/\/schema.org","@graph":[{"@type":"WebPage","@id":"https:\/\/copia25thward.infinity-solutions.community\/es\/nuestro-distrito\/arte-y-cultura\/","url":"https:\/\/copia25thward.infinity-solutions.community\/es\/nuestro-distrito\/arte-y-cultura\/","name":"Arte y Cultura - 25th Ward","isPartOf":{"@id":"https:\/\/copia25thward.infinity-solutions.community\/#website"},"datePublished":"2023-09-05T07:19:54+00:00","dateModified":"2023-12-20T01:31:29+00:00","breadcrumb":{"@id":"https:\/\/copia25thward.infinity-solutions.community\/es\/nuestro-distrito\/arte-y-cultura\/#breadcrumb"},"inLanguage":"es","potentialAction":[{"@type":"ReadAction","target":["https:\/\/copia25thward.infinity-solutions.community\/es\/nuestro-distrito\/arte-y-cultura\/"]}]},{"@type":"BreadcrumbList","@id":"https:\/\/copia25thward.infinity-solutions.community\/es\/nuestro-distrito\/arte-y-cultura\/#breadcrumb","itemListElement":[{"@type":"ListItem","position":1,"name":"Home","item":"https:\/\/copia25thward.infinity-solutions.community\/es\/"},{"@type":"ListItem","position":2,"name":"Nuestro Distrito","item":"https:\/\/copia25thward.infinity-solutions.community\/our-ward\/"},{"@type":"ListItem","position":3,"name":"Arte y Cultura"}]},{"@type":"WebSite","@id":"https:\/\/copia25thward.infinity-solutions.community\/#website","url":"https:\/\/copia25thward.infinity-solutions.community\/","name":"25th Ward","description":"25th Ward Official Website","publisher":{"@id":"https:\/\/copia25thward.infinity-solutions.community\/#organization"},"potentialAction":[{"@type":"SearchAction","target":{"@type":"EntryPoint","urlTemplate":"https:\/\/copia25thward.infinity-solutions.community\/?s={search_term_string}"},"query-input":{"@type":"PropertyValueSpecification","valueRequired":true,"valueName":"search_term_string"}}],"inLanguage":"es"},{"@type":"Organization","@id":"https:\/\/copia25thward.infinity-solutions.community\/#organization","name":"Byron Sigcho Lopez","alternateName":"25th Ward","url":"https:\/\/copia25thward.infinity-solutions.community\/","logo":{"@type":"ImageObject","inLanguage":"es","@id":"https:\/\/copia25thward.infinity-solutions.community\/#\/schema\/logo\/image\/","url":"http:\/\/copia25thward.infinity-solutions.community\/wp-content\/uploads\/2023\/12\/BSL-Black-Logo-2023-1.png","contentUrl":"http:\/\/copia25thward.infinity-solutions.community\/wp-content\/uploads\/2023\/12\/BSL-Black-Logo-2023-1.png","width":854,"height":285,"caption":"Byron Sigcho Lopez"},"image":{"@id":"https:\/\/copia25thward.infinity-solutions.community\/#\/schema\/logo\/image\/"},"sameAs":["https:\/\/www.facebook.com\/SigchoFor25","https:\/\/x.com\/byronsigcho","https:\/\/www.instagram.com\/sigchofor25\/"]}]}},"_links":{"self":[{"href":"https:\/\/copia25thward.infinity-solutions.community\/es\/wp-json\/wp\/v2\/pages\/3860","targetHints":{"allow":["GET"]}}],"collection":[{"href":"https:\/\/copia25thward.infinity-solutions.community\/es\/wp-json\/wp\/v2\/pages"}],"about":[{"href":"https:\/\/copia25thward.infinity-solutions.community\/es\/wp-json\/wp\/v2\/types\/page"}],"author":[{"embeddable":true,"href":"https:\/\/copia25thward.infinity-solutions.community\/es\/wp-json\/wp\/v2\/users\/2"}],"replies":[{"embeddable":true,"href":"https:\/\/copia25thward.infinity-solutions.community\/es\/wp-json\/wp\/v2\/comments?post=3860"}],"version-history":[{"count":7,"href":"https:\/\/copia25thward.infinity-solutions.community\/es\/wp-json\/wp\/v2\/pages\/3860\/revisions"}],"predecessor-version":[{"id":8663,"href":"https:\/\/copia25thward.infinity-solutions.community\/es\/wp-json\/wp\/v2\/pages\/3860\/revisions\/8663"}],"up":[{"embeddable":true,"href":"https:\/\/copia25thward.infinity-solutions.community\/es\/wp-json\/wp\/v2\/pages\/5659"}],"wp:attachment":[{"href":"https:\/\/copia25thward.infinity-solutions.community\/es\/wp-json\/wp\/v2\/media?parent=3860"}],"wp:term":[{"taxonomy":"wf_page_folders","embeddable":true,"href":"https:\/\/copia25thward.infinity-solutions.community\/es\/wp-json\/wp\/v2\/wf_page_folders?post=3860"}],"curies":[{"name":"wp","href":"https:\/\/api.w.org\/{rel}","templated":true}]}}