{"id":3971,"date":"2023-08-24T18:48:34","date_gmt":"2023-08-24T23:48:34","guid":{"rendered":"https:\/\/copia25thward.infinity-solutions.community\/311-servicios-de-la-ciudad\/"},"modified":"2023-12-21T10:50:34","modified_gmt":"2023-12-21T16:50:34","slug":"311-servicios-de-la-ciudad","status":"publish","type":"page","link":"https:\/\/copia25thward.infinity-solutions.community\/es\/residentes\/311-servicios-de-la-ciudad\/","title":{"rendered":"311 Servicios de la ciudad"},"content":{"rendered":"\t\t<div data-elementor-type=\"wp-page\" data-elementor-id=\"3971\" class=\"elementor elementor-3971 elementor-1455\" data-elementor-post-type=\"page\">\n\t\t\t\t\t\t<section data-particle_enable=\"false\" data-particle-mobile-disabled=\"false\" class=\"elementor-section elementor-top-section elementor-element elementor-element-472f329 elementor-section-full_width animated-slow elementor-section-height-default elementor-section-height-default elementor-invisible\" data-id=\"472f329\" data-element_type=\"section\" data-e-type=\"section\" data-settings=\"{&quot;background_background&quot;:&quot;classic&quot;,&quot;animation&quot;:&quot;fadeInRight&quot;}\">\n\t\t\t\t\t\t<div class=\"elementor-container elementor-column-gap-default\">\n\t\t\t\t\t<div class=\"elementor-column elementor-col-66 elementor-top-column elementor-element elementor-element-794a334\" data-id=\"794a334\" data-element_type=\"column\" data-e-type=\"column\">\n\t\t\t<div class=\"elementor-widget-wrap elementor-element-populated\">\n\t\t\t\t\t\t<div class=\"elementor-element elementor-element-082f766 elementor-widget elementor-widget-breadcrumbs\" data-id=\"082f766\" data-element_type=\"widget\" data-e-type=\"widget\" data-widget_type=\"breadcrumbs.default\">\n\t\t\t\t<div class=\"elementor-widget-container\">\n\t\t\t\t\t<div id=\"breadcrumbs\"><span><span><a href=\"https:\/\/copia25thward.infinity-solutions.community\/es\/\">Home<\/a><\/span><\/span><\/div>\t\t\t\t<\/div>\n\t\t\t\t<\/div>\n\t\t\t\t\t<\/div>\n\t\t<\/div>\n\t\t\t\t<div class=\"elementor-column elementor-col-33 elementor-top-column elementor-element elementor-element-eca9eb3 elementor-hidden-mobile\" data-id=\"eca9eb3\" data-element_type=\"column\" data-e-type=\"column\">\n\t\t\t<div class=\"elementor-widget-wrap\">\n\t\t\t\t\t\t\t<\/div>\n\t\t<\/div>\n\t\t\t\t\t<\/div>\n\t\t<\/section>\n\t\t\t\t<section data-particle_enable=\"false\" data-particle-mobile-disabled=\"false\" class=\"elementor-section elementor-top-section elementor-element elementor-element-140a2dd elementor-section-full_width animated-slow elementor-section-height-default elementor-section-height-default elementor-invisible\" data-id=\"140a2dd\" data-element_type=\"section\" data-e-type=\"section\" data-settings=\"{&quot;background_background&quot;:&quot;classic&quot;,&quot;animation&quot;:&quot;fadeInRight&quot;}\">\n\t\t\t\t\t\t<div class=\"elementor-container elementor-column-gap-default\">\n\t\t\t\t\t<div class=\"elementor-column elementor-col-66 elementor-top-column elementor-element elementor-element-5e5c752\" data-id=\"5e5c752\" data-element_type=\"column\" data-e-type=\"column\">\n\t\t\t<div class=\"elementor-widget-wrap elementor-element-populated\">\n\t\t\t\t\t\t<div class=\"elementor-element elementor-element-1709f4b elementor-widget elementor-widget-heading\" data-id=\"1709f4b\" data-element_type=\"widget\" data-e-type=\"widget\" data-widget_type=\"heading.default\">\n\t\t\t\t<div class=\"elementor-widget-container\">\n\t\t\t\t\t<h4 class=\"elementor-heading-title elementor-size-default\">311 Servicios de la ciudad<\/h4>\t\t\t\t<\/div>\n\t\t\t\t<\/div>\n\t\t\t\t<div class=\"elementor-element elementor-element-b52ac5f elementor-widget elementor-widget-heading\" data-id=\"b52ac5f\" data-element_type=\"widget\" data-e-type=\"widget\" data-widget_type=\"heading.default\">\n\t\t\t\t<div class=\"elementor-widget-container\">\n\t\t\t\t\t<h2 class=\"elementor-heading-title elementor-size-default\">Servicios municipales no urgentes<\/h2>\t\t\t\t<\/div>\n\t\t\t\t<\/div>\n\t\t\t\t<div class=\"elementor-element elementor-element-cf2a8ed elementor-widget elementor-widget-text-editor\" data-id=\"cf2a8ed\" data-element_type=\"widget\" data-e-type=\"widget\" data-widget_type=\"text-editor.default\">\n\t\t\t\t<div class=\"elementor-widget-container\">\n\t\t\t\t\t\t\t\t\t<p><strong>Algunas solicitudes comunes que puede reportar al 311 incluyen, entre otras:<\/strong><\/p>\n<ul>\n<li><span style=\"font-weight: 400;\">Quejas sobre baches<\/span><\/li>\n<li><span style=\"font-weight: 400;\">Recogida de basura no realizada<\/span><\/li>\n<li><span style=\"font-weight: 400;\">Mantenimiento de los contenedores de basura<\/span><\/li>\n<li><span style=\"font-weight: 400;\">Reducci\u00f3n de ratas<\/span><\/li>\n<li><span style=\"font-weight: 400;\">Reparaci\u00f3n de se\u00f1ales<\/span><\/li>\n<li><span style=\"font-weight: 400;\">Eliminaci\u00f3n de graffitis<\/span><\/li>\n<li><span style=\"font-weight: 400;\">Chequeos m\u00e9dicos de mascotas<\/span><\/li>\n<li><span style=\"font-weight: 400;\">Limpieza de hielo y nieve<\/span><\/li>\n<li><span style=\"font-weight: 400;\">Infracciones de construcci\u00f3n<\/span><\/li>\n<li><span style=\"font-weight: 400;\">Vertederos ilegales<\/span><\/li>\n<\/ul>\n<p><span style=\"font-weight: 400;\">Los residentes pueden hacer una nueva solicitud, comprobar el estado de las solicitudes existentes marcando 311, <a href=\"https:\/\/apps.apple.com\/us\/app\/chi311\/id1441580123\">descargando la App CHI311<\/a> o en <a href=\"https:\/\/311.chicago.gov\">https:\/\/311.chicago.gov.<\/a> <\/span><\/p>\n<p><span style=\"font-weight: 400;\">La oficina del Distrito 25 tambi\u00e9n est\u00e1 disponible para ayudar a los residentes a informar y hacer un seguimiento de cualquier solicitud pendiente. Tenga a la mano su n\u00famero de solicitud de servicio (SR23-XXXXXXXX).<\/span><\/p>\n\t\t\t\t\t\t\t\t<\/div>\n\t\t\t\t<\/div>\n\t\t\t\t<div class=\"elementor-element elementor-element-8e7f6de elementor-widget elementor-widget-button\" data-id=\"8e7f6de\" data-element_type=\"widget\" data-e-type=\"widget\" data-widget_type=\"button.default\">\n\t\t\t\t<div class=\"elementor-widget-container\">\n\t\t\t\t\t\t\t\t\t<div class=\"elementor-button-wrapper\">\n\t\t\t\t\t<a class=\"elementor-button elementor-button-link elementor-size-sm\" href=\"https:\/\/311.chicago.gov\" target=\"_blank\">\n\t\t\t\t\t\t<span class=\"elementor-button-content-wrapper\">\n\t\t\t\t\t\t\t\t\t<span class=\"elementor-button-text\">Enviar una Solicitud<\/span>\n\t\t\t\t\t<\/span>\n\t\t\t\t\t<\/a>\n\t\t\t\t<\/div>\n\t\t\t\t\t\t\t\t<\/div>\n\t\t\t\t<\/div>\n\t\t\t\t\t<\/div>\n\t\t<\/div>\n\t\t\t\t<div class=\"elementor-column elementor-col-33 elementor-top-column elementor-element elementor-element-9ecb75b\" data-id=\"9ecb75b\" data-element_type=\"column\" data-e-type=\"column\">\n\t\t\t<div class=\"elementor-widget-wrap\">\n\t\t\t\t\t\t\t<\/div>\n\t\t<\/div>\n\t\t\t\t\t<\/div>\n\t\t<\/section>\n\t\t\t\t<section data-particle_enable=\"false\" data-particle-mobile-disabled=\"false\" class=\"elementor-section elementor-top-section elementor-element elementor-element-0826a23 elementor-section-boxed elementor-section-height-default elementor-section-height-default\" data-id=\"0826a23\" data-element_type=\"section\" data-e-type=\"section\">\n\t\t\t\t\t\t<div class=\"elementor-container elementor-column-gap-default\">\n\t\t\t\t\t<div class=\"elementor-column elementor-col-100 elementor-top-column elementor-element elementor-element-e1fa7ea\" data-id=\"e1fa7ea\" data-element_type=\"column\" data-e-type=\"column\">\n\t\t\t<div class=\"elementor-widget-wrap elementor-element-populated\">\n\t\t\t\t\t\t<div class=\"elementor-element elementor-element-4d0bb17 elementor-invisible elementor-widget elementor-widget-image\" data-id=\"4d0bb17\" data-element_type=\"widget\" data-e-type=\"widget\" data-settings=\"{&quot;_animation&quot;:&quot;fadeInLeft&quot;}\" data-widget_type=\"image.default\">\n\t\t\t\t<div class=\"elementor-widget-container\">\n\t\t\t\t\t\t\t\t\t\t\t\t\t\t\t\t<a href=\"https:\/\/311.chicago.gov\" target=\"_blank\">\n\t\t\t\t\t\t\t<img fetchpriority=\"high\" decoding=\"async\" width=\"1024\" height=\"561\" src=\"https:\/\/copia25thward.infinity-solutions.community\/wp-content\/uploads\/2023\/08\/image-1-1024x561.jpg\" class=\"attachment-large size-large wp-image-1520\" alt=\"\" srcset=\"https:\/\/copia25thward.infinity-solutions.community\/wp-content\/uploads\/2023\/08\/image-1-1024x561.jpg 1024w, https:\/\/copia25thward.infinity-solutions.community\/wp-content\/uploads\/2023\/08\/image-1-300x164.jpg 300w, https:\/\/copia25thward.infinity-solutions.community\/wp-content\/uploads\/2023\/08\/image-1-768x420.jpg 768w, https:\/\/copia25thward.infinity-solutions.community\/wp-content\/uploads\/2023\/08\/image-1-1536x841.jpg 1536w, https:\/\/copia25thward.infinity-solutions.community\/wp-content\/uploads\/2023\/08\/image-1.jpg 1920w\" sizes=\"(max-width: 1024px) 100vw, 1024px\" \/>\t\t\t\t\t\t\t\t<\/a>\n\t\t\t\t\t\t\t\t\t\t\t\t\t\t\t<\/div>\n\t\t\t\t<\/div>\n\t\t\t\t\t<\/div>\n\t\t<\/div>\n\t\t\t\t\t<\/div>\n\t\t<\/section>\n\t\t\t\t<\/div>\n\t\t","protected":false},"excerpt":{"rendered":"<p>311 Servicios de la ciudad Servicios municipales no urgentes Algunas solicitudes comunes que puede reportar al 311 incluyen, entre otras: Quejas sobre baches Recogida de basura no realizada Mantenimiento de los contenedores de basura Reducci\u00f3n de ratas Reparaci\u00f3n de se\u00f1ales Eliminaci\u00f3n de graffitis Chequeos m\u00e9dicos de mascotas Limpieza de hielo y nieve Infracciones de construcci\u00f3n [&hellip;]<\/p>\n","protected":false},"author":2,"featured_media":0,"parent":3974,"menu_order":0,"comment_status":"closed","ping_status":"closed","template":"","meta":{"site-sidebar-layout":"no-sidebar","site-content-layout":"page-builder","ast-site-content-layout":"full-width-container","site-content-style":"unboxed","site-sidebar-style":"unboxed","ast-global-header-display":"","ast-banner-title-visibility":"","ast-main-header-display":"","ast-hfb-above-header-display":"","ast-hfb-below-header-display":"","ast-hfb-mobile-header-display":"","site-post-title":"disabled","ast-breadcrumbs-content":"","ast-featured-img":"disabled","footer-sml-layout":"","ast-disable-related-posts":"","theme-transparent-header-meta":"","adv-header-id-meta":"","stick-header-meta":"","header-above-stick-meta":"","header-main-stick-meta":"","header-below-stick-meta":"","astra-migrate-meta-layouts":"default","ast-page-background-enabled":"default","ast-page-background-meta":{"desktop":{"background-color":"var(--ast-global-color-4)","background-image":"","background-repeat":"repeat","background-position":"center center","background-size":"auto","background-attachment":"scroll","background-type":"","background-media":"","overlay-type":"","overlay-color":"","overlay-opacity":"","overlay-gradient":""},"tablet":{"background-color":"","background-image":"","background-repeat":"repeat","background-position":"center center","background-size":"auto","background-attachment":"scroll","background-type":"","background-media":"","overlay-type":"","overlay-color":"","overlay-opacity":"","overlay-gradient":""},"mobile":{"background-color":"","background-image":"","background-repeat":"repeat","background-position":"center center","background-size":"auto","background-attachment":"scroll","background-type":"","background-media":"","overlay-type":"","overlay-color":"","overlay-opacity":"","overlay-gradient":""}},"ast-content-background-meta":{"desktop":{"background-color":"var(--ast-global-color-5)","background-image":"","background-repeat":"repeat","background-position":"center center","background-size":"auto","background-attachment":"scroll","background-type":"","background-media":"","overlay-type":"","overlay-color":"","overlay-opacity":"","overlay-gradient":""},"tablet":{"background-color":"var(--ast-global-color-5)","background-image":"","background-repeat":"repeat","background-position":"center center","background-size":"auto","background-attachment":"scroll","background-type":"","background-media":"","overlay-type":"","overlay-color":"","overlay-opacity":"","overlay-gradient":""},"mobile":{"background-color":"var(--ast-global-color-5)","background-image":"","background-repeat":"repeat","background-position":"center center","background-size":"auto","background-attachment":"scroll","background-type":"","background-media":"","overlay-type":"","overlay-color":"","overlay-opacity":"","overlay-gradient":""}},"footnotes":""},"wf_page_folders":[19],"class_list":["post-3971","page","type-page","status-publish","hentry"],"yoast_head":"<!-- This site is optimized with the Yoast SEO plugin v24.6 - https:\/\/yoast.com\/wordpress\/plugins\/seo\/ -->\n<title>311 Servicios de la ciudad - 25th Ward<\/title>\n<meta name=\"robots\" content=\"index, follow, max-snippet:-1, max-image-preview:large, max-video-preview:-1\" \/>\n<link rel=\"canonical\" href=\"https:\/\/copia25thward.infinity-solutions.community\/es\/residentes\/311-servicios-de-la-ciudad\/\" \/>\n<meta property=\"og:locale\" content=\"es_ES\" \/>\n<meta property=\"og:type\" content=\"article\" \/>\n<meta property=\"og:title\" content=\"311 Servicios de la ciudad - 25th Ward\" \/>\n<meta property=\"og:description\" content=\"311 Servicios de la ciudad Servicios municipales no urgentes Algunas solicitudes comunes que puede reportar al 311 incluyen, entre otras: Quejas sobre baches Recogida de basura no realizada Mantenimiento de los contenedores de basura Reducci\u00f3n de ratas Reparaci\u00f3n de se\u00f1ales Eliminaci\u00f3n de graffitis Chequeos m\u00e9dicos de mascotas Limpieza de hielo y nieve Infracciones de construcci\u00f3n [&hellip;]\" \/>\n<meta property=\"og:url\" content=\"https:\/\/copia25thward.infinity-solutions.community\/es\/residentes\/311-servicios-de-la-ciudad\/\" \/>\n<meta property=\"og:site_name\" content=\"25th Ward\" \/>\n<meta property=\"article:publisher\" content=\"https:\/\/www.facebook.com\/SigchoFor25\" \/>\n<meta property=\"article:modified_time\" content=\"2023-12-21T16:50:34+00:00\" \/>\n<meta property=\"og:image\" content=\"http:\/\/copia25thward.infinity-solutions.community\/wp-content\/uploads\/2023\/08\/image-1-1024x561.jpg\" \/>\n<meta name=\"twitter:card\" content=\"summary_large_image\" \/>\n<meta name=\"twitter:site\" content=\"@byronsigcho\" \/>\n<meta name=\"twitter:label1\" content=\"Tiempo de lectura\" \/>\n\t<meta name=\"twitter:data1\" content=\"1 minuto\" \/>\n<script type=\"application\/ld+json\" class=\"yoast-schema-graph\">{\"@context\":\"https:\/\/schema.org\",\"@graph\":[{\"@type\":\"WebPage\",\"@id\":\"https:\/\/copia25thward.infinity-solutions.community\/es\/residentes\/311-servicios-de-la-ciudad\/\",\"url\":\"https:\/\/copia25thward.infinity-solutions.community\/es\/residentes\/311-servicios-de-la-ciudad\/\",\"name\":\"311 Servicios de la ciudad - 25th Ward\",\"isPartOf\":{\"@id\":\"https:\/\/copia25thward.infinity-solutions.community\/#website\"},\"primaryImageOfPage\":{\"@id\":\"https:\/\/copia25thward.infinity-solutions.community\/es\/residentes\/311-servicios-de-la-ciudad\/#primaryimage\"},\"image\":{\"@id\":\"https:\/\/copia25thward.infinity-solutions.community\/es\/residentes\/311-servicios-de-la-ciudad\/#primaryimage\"},\"thumbnailUrl\":\"http:\/\/copia25thward.infinity-solutions.community\/wp-content\/uploads\/2023\/08\/image-1-1024x561.jpg\",\"datePublished\":\"2023-08-24T23:48:34+00:00\",\"dateModified\":\"2023-12-21T16:50:34+00:00\",\"breadcrumb\":{\"@id\":\"https:\/\/copia25thward.infinity-solutions.community\/es\/residentes\/311-servicios-de-la-ciudad\/#breadcrumb\"},\"inLanguage\":\"es\",\"potentialAction\":[{\"@type\":\"ReadAction\",\"target\":[\"https:\/\/copia25thward.infinity-solutions.community\/es\/residentes\/311-servicios-de-la-ciudad\/\"]}]},{\"@type\":\"ImageObject\",\"inLanguage\":\"es\",\"@id\":\"https:\/\/copia25thward.infinity-solutions.community\/es\/residentes\/311-servicios-de-la-ciudad\/#primaryimage\",\"url\":\"http:\/\/copia25thward.infinity-solutions.community\/wp-content\/uploads\/2023\/08\/image-1-1024x561.jpg\",\"contentUrl\":\"http:\/\/copia25thward.infinity-solutions.community\/wp-content\/uploads\/2023\/08\/image-1-1024x561.jpg\"},{\"@type\":\"BreadcrumbList\",\"@id\":\"https:\/\/copia25thward.infinity-solutions.community\/es\/residentes\/311-servicios-de-la-ciudad\/#breadcrumb\",\"itemListElement\":[{\"@type\":\"ListItem\",\"position\":1,\"name\":\"Home\",\"item\":\"https:\/\/copia25thward.infinity-solutions.community\/es\/\"},{\"@type\":\"ListItem\",\"position\":2,\"name\":\"Residentes\",\"item\":\"https:\/\/copia25thward.infinity-solutions.community\/residents\/\"},{\"@type\":\"ListItem\",\"position\":3,\"name\":\"311 Servicios de la ciudad\"}]},{\"@type\":\"WebSite\",\"@id\":\"https:\/\/copia25thward.infinity-solutions.community\/#website\",\"url\":\"https:\/\/copia25thward.infinity-solutions.community\/\",\"name\":\"25th Ward\",\"description\":\"25th Ward Official Website\",\"publisher\":{\"@id\":\"https:\/\/copia25thward.infinity-solutions.community\/#organization\"},\"potentialAction\":[{\"@type\":\"SearchAction\",\"target\":{\"@type\":\"EntryPoint\",\"urlTemplate\":\"https:\/\/copia25thward.infinity-solutions.community\/?s={search_term_string}\"},\"query-input\":{\"@type\":\"PropertyValueSpecification\",\"valueRequired\":true,\"valueName\":\"search_term_string\"}}],\"inLanguage\":\"es\"},{\"@type\":\"Organization\",\"@id\":\"https:\/\/copia25thward.infinity-solutions.community\/#organization\",\"name\":\"Byron Sigcho Lopez\",\"alternateName\":\"25th Ward\",\"url\":\"https:\/\/copia25thward.infinity-solutions.community\/\",\"logo\":{\"@type\":\"ImageObject\",\"inLanguage\":\"es\",\"@id\":\"https:\/\/copia25thward.infinity-solutions.community\/#\/schema\/logo\/image\/\",\"url\":\"http:\/\/copia25thward.infinity-solutions.community\/wp-content\/uploads\/2023\/12\/BSL-Black-Logo-2023-1.png\",\"contentUrl\":\"http:\/\/copia25thward.infinity-solutions.community\/wp-content\/uploads\/2023\/12\/BSL-Black-Logo-2023-1.png\",\"width\":854,\"height\":285,\"caption\":\"Byron Sigcho Lopez\"},\"image\":{\"@id\":\"https:\/\/copia25thward.infinity-solutions.community\/#\/schema\/logo\/image\/\"},\"sameAs\":[\"https:\/\/www.facebook.com\/SigchoFor25\",\"https:\/\/x.com\/byronsigcho\",\"https:\/\/www.instagram.com\/sigchofor25\/\"]}]}<\/script>\n<!-- \/ Yoast SEO plugin. -->","yoast_head_json":{"title":"311 Servicios de la ciudad - 25th Ward","robots":{"index":"index","follow":"follow","max-snippet":"max-snippet:-1","max-image-preview":"max-image-preview:large","max-video-preview":"max-video-preview:-1"},"canonical":"https:\/\/copia25thward.infinity-solutions.community\/es\/residentes\/311-servicios-de-la-ciudad\/","og_locale":"es_ES","og_type":"article","og_title":"311 Servicios de la ciudad - 25th Ward","og_description":"311 Servicios de la ciudad Servicios municipales no urgentes Algunas solicitudes comunes que puede reportar al 311 incluyen, entre otras: Quejas sobre baches Recogida de basura no realizada Mantenimiento de los contenedores de basura Reducci\u00f3n de ratas Reparaci\u00f3n de se\u00f1ales Eliminaci\u00f3n de graffitis Chequeos m\u00e9dicos de mascotas Limpieza de hielo y nieve Infracciones de construcci\u00f3n [&hellip;]","og_url":"https:\/\/copia25thward.infinity-solutions.community\/es\/residentes\/311-servicios-de-la-ciudad\/","og_site_name":"25th Ward","article_publisher":"https:\/\/www.facebook.com\/SigchoFor25","article_modified_time":"2023-12-21T16:50:34+00:00","og_image":[{"url":"http:\/\/copia25thward.infinity-solutions.community\/wp-content\/uploads\/2023\/08\/image-1-1024x561.jpg","type":"","width":"","height":""}],"twitter_card":"summary_large_image","twitter_site":"@byronsigcho","twitter_misc":{"Tiempo de lectura":"1 minuto"},"schema":{"@context":"https:\/\/schema.org","@graph":[{"@type":"WebPage","@id":"https:\/\/copia25thward.infinity-solutions.community\/es\/residentes\/311-servicios-de-la-ciudad\/","url":"https:\/\/copia25thward.infinity-solutions.community\/es\/residentes\/311-servicios-de-la-ciudad\/","name":"311 Servicios de la ciudad - 25th Ward","isPartOf":{"@id":"https:\/\/copia25thward.infinity-solutions.community\/#website"},"primaryImageOfPage":{"@id":"https:\/\/copia25thward.infinity-solutions.community\/es\/residentes\/311-servicios-de-la-ciudad\/#primaryimage"},"image":{"@id":"https:\/\/copia25thward.infinity-solutions.community\/es\/residentes\/311-servicios-de-la-ciudad\/#primaryimage"},"thumbnailUrl":"http:\/\/copia25thward.infinity-solutions.community\/wp-content\/uploads\/2023\/08\/image-1-1024x561.jpg","datePublished":"2023-08-24T23:48:34+00:00","dateModified":"2023-12-21T16:50:34+00:00","breadcrumb":{"@id":"https:\/\/copia25thward.infinity-solutions.community\/es\/residentes\/311-servicios-de-la-ciudad\/#breadcrumb"},"inLanguage":"es","potentialAction":[{"@type":"ReadAction","target":["https:\/\/copia25thward.infinity-solutions.community\/es\/residentes\/311-servicios-de-la-ciudad\/"]}]},{"@type":"ImageObject","inLanguage":"es","@id":"https:\/\/copia25thward.infinity-solutions.community\/es\/residentes\/311-servicios-de-la-ciudad\/#primaryimage","url":"http:\/\/copia25thward.infinity-solutions.community\/wp-content\/uploads\/2023\/08\/image-1-1024x561.jpg","contentUrl":"http:\/\/copia25thward.infinity-solutions.community\/wp-content\/uploads\/2023\/08\/image-1-1024x561.jpg"},{"@type":"BreadcrumbList","@id":"https:\/\/copia25thward.infinity-solutions.community\/es\/residentes\/311-servicios-de-la-ciudad\/#breadcrumb","itemListElement":[{"@type":"ListItem","position":1,"name":"Home","item":"https:\/\/copia25thward.infinity-solutions.community\/es\/"},{"@type":"ListItem","position":2,"name":"Residentes","item":"https:\/\/copia25thward.infinity-solutions.community\/residents\/"},{"@type":"ListItem","position":3,"name":"311 Servicios de la ciudad"}]},{"@type":"WebSite","@id":"https:\/\/copia25thward.infinity-solutions.community\/#website","url":"https:\/\/copia25thward.infinity-solutions.community\/","name":"25th Ward","description":"25th Ward Official Website","publisher":{"@id":"https:\/\/copia25thward.infinity-solutions.community\/#organization"},"potentialAction":[{"@type":"SearchAction","target":{"@type":"EntryPoint","urlTemplate":"https:\/\/copia25thward.infinity-solutions.community\/?s={search_term_string}"},"query-input":{"@type":"PropertyValueSpecification","valueRequired":true,"valueName":"search_term_string"}}],"inLanguage":"es"},{"@type":"Organization","@id":"https:\/\/copia25thward.infinity-solutions.community\/#organization","name":"Byron Sigcho Lopez","alternateName":"25th Ward","url":"https:\/\/copia25thward.infinity-solutions.community\/","logo":{"@type":"ImageObject","inLanguage":"es","@id":"https:\/\/copia25thward.infinity-solutions.community\/#\/schema\/logo\/image\/","url":"http:\/\/copia25thward.infinity-solutions.community\/wp-content\/uploads\/2023\/12\/BSL-Black-Logo-2023-1.png","contentUrl":"http:\/\/copia25thward.infinity-solutions.community\/wp-content\/uploads\/2023\/12\/BSL-Black-Logo-2023-1.png","width":854,"height":285,"caption":"Byron Sigcho Lopez"},"image":{"@id":"https:\/\/copia25thward.infinity-solutions.community\/#\/schema\/logo\/image\/"},"sameAs":["https:\/\/www.facebook.com\/SigchoFor25","https:\/\/x.com\/byronsigcho","https:\/\/www.instagram.com\/sigchofor25\/"]}]}},"_links":{"self":[{"href":"https:\/\/copia25thward.infinity-solutions.community\/es\/wp-json\/wp\/v2\/pages\/3971","targetHints":{"allow":["GET"]}}],"collection":[{"href":"https:\/\/copia25thward.infinity-solutions.community\/es\/wp-json\/wp\/v2\/pages"}],"about":[{"href":"https:\/\/copia25thward.infinity-solutions.community\/es\/wp-json\/wp\/v2\/types\/page"}],"author":[{"embeddable":true,"href":"https:\/\/copia25thward.infinity-solutions.community\/es\/wp-json\/wp\/v2\/users\/2"}],"replies":[{"embeddable":true,"href":"https:\/\/copia25thward.infinity-solutions.community\/es\/wp-json\/wp\/v2\/comments?post=3971"}],"version-history":[{"count":7,"href":"https:\/\/copia25thward.infinity-solutions.community\/es\/wp-json\/wp\/v2\/pages\/3971\/revisions"}],"predecessor-version":[{"id":8716,"href":"https:\/\/copia25thward.infinity-solutions.community\/es\/wp-json\/wp\/v2\/pages\/3971\/revisions\/8716"}],"up":[{"embeddable":true,"href":"https:\/\/copia25thward.infinity-solutions.community\/es\/wp-json\/wp\/v2\/pages\/3974"}],"wp:attachment":[{"href":"https:\/\/copia25thward.infinity-solutions.community\/es\/wp-json\/wp\/v2\/media?parent=3971"}],"wp:term":[{"taxonomy":"wf_page_folders","embeddable":true,"href":"https:\/\/copia25thward.infinity-solutions.community\/es\/wp-json\/wp\/v2\/wf_page_folders?post=3971"}],"curies":[{"name":"wp","href":"https:\/\/api.w.org\/{rel}","templated":true}]}}