{"id":3999,"date":"2023-09-16T01:56:53","date_gmt":"2023-09-16T06:56:53","guid":{"rendered":"https:\/\/copia25thward.infinity-solutions.community\/comite-de-vivienda-y-bienes-raices\/"},"modified":"2023-12-21T09:39:46","modified_gmt":"2023-12-21T15:39:46","slug":"comite-de-vivienda-y-bienes-raices","status":"publish","type":"page","link":"https:\/\/copia25thward.infinity-solutions.community\/es\/ayuntamiento\/miembros-del-comite\/comite-de-vivienda-y-bienes-raices\/","title":{"rendered":"Comit\u00e9 de Vivienda y Bienes Ra\u00edces"},"content":{"rendered":"\t\t<div data-elementor-type=\"wp-page\" data-elementor-id=\"3999\" class=\"elementor elementor-3999 elementor-3231\" data-elementor-post-type=\"page\">\n\t\t\t\t\t\t<section data-particle_enable=\"false\" data-particle-mobile-disabled=\"false\" class=\"elementor-section elementor-top-section elementor-element elementor-element-9b7d1c0 elementor-section-full_width animated-slow elementor-section-height-default elementor-section-height-default elementor-invisible\" data-id=\"9b7d1c0\" data-element_type=\"section\" data-e-type=\"section\" data-settings=\"{&quot;background_background&quot;:&quot;classic&quot;,&quot;animation&quot;:&quot;fadeInRight&quot;}\">\n\t\t\t\t\t\t<div class=\"elementor-container elementor-column-gap-default\">\n\t\t\t\t\t<div class=\"elementor-column elementor-col-66 elementor-top-column elementor-element elementor-element-9642d82\" data-id=\"9642d82\" data-element_type=\"column\" data-e-type=\"column\">\n\t\t\t<div class=\"elementor-widget-wrap elementor-element-populated\">\n\t\t\t\t\t\t<div class=\"elementor-element elementor-element-e910dfc elementor-widget elementor-widget-breadcrumbs\" data-id=\"e910dfc\" data-element_type=\"widget\" data-e-type=\"widget\" data-widget_type=\"breadcrumbs.default\">\n\t\t\t\t<div class=\"elementor-widget-container\">\n\t\t\t\t\t<div id=\"breadcrumbs\"><span><span><a href=\"https:\/\/copia25thward.infinity-solutions.community\/es\/\">Home<\/a><\/span><\/span><\/div>\t\t\t\t<\/div>\n\t\t\t\t<\/div>\n\t\t\t\t\t<\/div>\n\t\t<\/div>\n\t\t\t\t<div class=\"elementor-column elementor-col-33 elementor-top-column elementor-element elementor-element-94b5ebd elementor-hidden-mobile\" data-id=\"94b5ebd\" data-element_type=\"column\" data-e-type=\"column\">\n\t\t\t<div class=\"elementor-widget-wrap\">\n\t\t\t\t\t\t\t<\/div>\n\t\t<\/div>\n\t\t\t\t\t<\/div>\n\t\t<\/section>\n\t\t\t\t<section data-particle_enable=\"false\" data-particle-mobile-disabled=\"false\" class=\"elementor-section elementor-top-section elementor-element elementor-element-980dba5 elementor-section-full_width animated-slow elementor-section-height-default elementor-section-height-default elementor-invisible\" data-id=\"980dba5\" data-element_type=\"section\" data-e-type=\"section\" data-settings=\"{&quot;background_background&quot;:&quot;classic&quot;,&quot;animation&quot;:&quot;fadeInRight&quot;}\">\n\t\t\t\t\t\t<div class=\"elementor-container elementor-column-gap-default\">\n\t\t\t\t\t<div class=\"elementor-column elementor-col-66 elementor-top-column elementor-element elementor-element-6caf968\" data-id=\"6caf968\" data-element_type=\"column\" data-e-type=\"column\">\n\t\t\t<div class=\"elementor-widget-wrap elementor-element-populated\">\n\t\t\t\t\t\t<div class=\"elementor-element elementor-element-28793fb elementor-widget elementor-widget-heading\" data-id=\"28793fb\" data-element_type=\"widget\" data-e-type=\"widget\" data-widget_type=\"heading.default\">\n\t\t\t\t<div class=\"elementor-widget-container\">\n\t\t\t\t\t<h2 class=\"elementor-heading-title elementor-size-default\">Comit\u00e9 de Vivienda y Bienes Ra\u00edces<\/h2>\t\t\t\t<\/div>\n\t\t\t\t<\/div>\n\t\t\t\t<div class=\"elementor-element elementor-element-852c298 elementor-widget elementor-widget-text-editor\" data-id=\"852c298\" data-element_type=\"widget\" data-e-type=\"widget\" data-widget_type=\"text-editor.default\">\n\t\t\t\t<div class=\"elementor-widget-container\">\n\t\t\t\t\t\t\t\t\t<p><span style=\"font-weight: 400;\">El Consejo Municipal, que es el \u00f3rgano legislativo de la ciudad de Chicago, cuenta con 20 comisiones que se re\u00fanen peri\u00f3dicamente para debatir las propuestas legislativas. En mayo de 2023, el concejal Byron Sigcho-L\u00f3pez fue nombrado Presidente de la Comisi\u00f3n de Vivienda e Inmuebles. La funci\u00f3n de la Comisi\u00f3n de Vivienda es colaborar con los departamentos municipales en la ejecuci\u00f3n de los proyectos de vivienda propuestos y revisar las propuestas legislativas antes de que sean votadas por el pleno del Ayuntamiento.<\/span><\/p><p><span style=\"font-weight: 400;\">Para m\u00e1s informaci\u00f3n sobre la legislaci\u00f3n que se va a tratar este mes en la Comisi\u00f3n y ver las grabaciones de reuniones anteriores, puede consultar el orden del d\u00eda y las grabaciones<\/span> <a href=\"https:\/\/chicityclerkelms.chicago.gov\/Meetings\/?body=Committee%20on%20Housing%20and%20Real%20Estate\" target=\"_blank\" rel=\"noopener\"><span style=\"font-weight: 400;\"><strong>aqu\u00ed<\/strong>.<\/span><\/a><\/p><p><span style=\"font-weight: 400;\">Para saber cu\u00e1ndo se celebrar\u00e1 la pr\u00f3xima Comisi\u00f3n de Vivienda e Inmuebles, pulse <\/span><strong><a href=\"https:\/\/chicityclerkelms.chicago.gov\/Meetings\/\" target=\"_blank\" rel=\"noopener\">aqu\u00ed<\/a><\/strong><span style=\"font-weight: 400;\">. <\/span><\/p>\t\t\t\t\t\t\t\t<\/div>\n\t\t\t\t<\/div>\n\t\t\t\t<div class=\"elementor-element elementor-element-a575e21 elementor-hidden-desktop elementor-hidden-tablet elementor-hidden-mobile elementor-widget elementor-widget-button\" data-id=\"a575e21\" data-element_type=\"widget\" data-e-type=\"widget\" data-widget_type=\"button.default\">\n\t\t\t\t<div class=\"elementor-widget-container\">\n\t\t\t\t\t\t\t\t\t<div class=\"elementor-button-wrapper\">\n\t\t\t\t\t<a class=\"elementor-button elementor-button-link elementor-size-sm\" href=\"https:\/\/copia25thward.infinity-solutions.community\/events\/\">\n\t\t\t\t\t\t<span class=\"elementor-button-content-wrapper\">\n\t\t\t\t\t\t\t\t\t<span class=\"elementor-button-text\">Ver todos nuestros eventos<\/span>\n\t\t\t\t\t<\/span>\n\t\t\t\t\t<\/a>\n\t\t\t\t<\/div>\n\t\t\t\t\t\t\t\t<\/div>\n\t\t\t\t<\/div>\n\t\t\t\t<div class=\"elementor-element elementor-element-55e9a64 elementor-align-left elementor-widget__width-auto elementor-mobile-align-center elementor-widget-mobile__width-inherit elementor-widget elementor-widget-button\" data-id=\"55e9a64\" data-element_type=\"widget\" data-e-type=\"widget\" data-widget_type=\"button.default\">\n\t\t\t\t<div class=\"elementor-widget-container\">\n\t\t\t\t\t\t\t\t\t<div class=\"elementor-button-wrapper\">\n\t\t\t\t\t<a class=\"elementor-button elementor-button-link elementor-size-sm\" href=\"https:\/\/vimeo.com\/871932676\" target=\"_blank\">\n\t\t\t\t\t\t<span class=\"elementor-button-content-wrapper\">\n\t\t\t\t\t\t\t\t\t<span class=\"elementor-button-text\">10 de octubre de 2023<\/span>\n\t\t\t\t\t<\/span>\n\t\t\t\t\t<\/a>\n\t\t\t\t<\/div>\n\t\t\t\t\t\t\t\t<\/div>\n\t\t\t\t<\/div>\n\t\t\t\t<div class=\"elementor-element elementor-element-cb94914 elementor-align-left elementor-widget__width-auto elementor-mobile-align-center elementor-widget-mobile__width-inherit elementor-widget elementor-widget-button\" data-id=\"cb94914\" data-element_type=\"widget\" data-e-type=\"widget\" data-widget_type=\"button.default\">\n\t\t\t\t<div class=\"elementor-widget-container\">\n\t\t\t\t\t\t\t\t\t<div class=\"elementor-button-wrapper\">\n\t\t\t\t\t<a class=\"elementor-button elementor-button-link elementor-size-sm\" href=\"https:\/\/vimeo.com\/849266716\" target=\"_blank\">\n\t\t\t\t\t\t<span class=\"elementor-button-content-wrapper\">\n\t\t\t\t\t\t\t\t\t<span class=\"elementor-button-text\">28 de agosto de 2023<\/span>\n\t\t\t\t\t<\/span>\n\t\t\t\t\t<\/a>\n\t\t\t\t<\/div>\n\t\t\t\t\t\t\t\t<\/div>\n\t\t\t\t<\/div>\n\t\t\t\t<div class=\"elementor-element elementor-element-36266f8 elementor-align-left elementor-widget__width-auto elementor-mobile-align-center elementor-widget-mobile__width-inherit elementor-widget elementor-widget-button\" data-id=\"36266f8\" data-element_type=\"widget\" data-e-type=\"widget\" data-widget_type=\"button.default\">\n\t\t\t\t<div class=\"elementor-widget-container\">\n\t\t\t\t\t\t\t\t\t<div class=\"elementor-button-wrapper\">\n\t\t\t\t\t<a class=\"elementor-button elementor-button-link elementor-size-sm\" href=\"https:\/\/vimeo.com\/showcase\/8928563\/video\/848825166\" target=\"_blank\">\n\t\t\t\t\t\t<span class=\"elementor-button-content-wrapper\">\n\t\t\t\t\t\t\t\t\t<span class=\"elementor-button-text\">27 de julio de 2023<\/span>\n\t\t\t\t\t<\/span>\n\t\t\t\t\t<\/a>\n\t\t\t\t<\/div>\n\t\t\t\t\t\t\t\t<\/div>\n\t\t\t\t<\/div>\n\t\t\t\t\t<\/div>\n\t\t<\/div>\n\t\t\t\t<div class=\"elementor-column elementor-col-33 elementor-top-column elementor-element elementor-element-341cc22 elementor-hidden-tablet elementor-hidden-mobile\" data-id=\"341cc22\" data-element_type=\"column\" data-e-type=\"column\">\n\t\t\t<div class=\"elementor-widget-wrap\">\n\t\t\t\t\t\t\t<\/div>\n\t\t<\/div>\n\t\t\t\t\t<\/div>\n\t\t<\/section>\n\t\t\t\t<\/div>\n\t\t","protected":false},"excerpt":{"rendered":"<p>Comit\u00e9 de Vivienda y Bienes Ra\u00edces El Consejo Municipal, que es el \u00f3rgano legislativo de la ciudad de Chicago, cuenta con 20 comisiones que se re\u00fanen peri\u00f3dicamente para debatir las propuestas legislativas. En mayo de 2023, el concejal Byron Sigcho-L\u00f3pez fue nombrado Presidente de la Comisi\u00f3n de Vivienda e Inmuebles. La funci\u00f3n de la Comisi\u00f3n [&hellip;]<\/p>\n","protected":false},"author":2,"featured_media":0,"parent":4092,"menu_order":0,"comment_status":"closed","ping_status":"closed","template":"","meta":{"site-sidebar-layout":"no-sidebar","site-content-layout":"page-builder","ast-site-content-layout":"default","site-content-style":"default","site-sidebar-style":"default","ast-global-header-display":"","ast-banner-title-visibility":"","ast-main-header-display":"","ast-hfb-above-header-display":"","ast-hfb-below-header-display":"","ast-hfb-mobile-header-display":"","site-post-title":"disabled","ast-breadcrumbs-content":"","ast-featured-img":"disabled","footer-sml-layout":"","ast-disable-related-posts":"","theme-transparent-header-meta":"","adv-header-id-meta":"","stick-header-meta":"","header-above-stick-meta":"","header-main-stick-meta":"","header-below-stick-meta":"","astra-migrate-meta-layouts":"default","ast-page-background-enabled":"default","ast-page-background-meta":{"desktop":{"background-color":"var(--ast-global-color-4)","background-image":"","background-repeat":"repeat","background-position":"center center","background-size":"auto","background-attachment":"scroll","background-type":"","background-media":"","overlay-type":"","overlay-color":"","overlay-opacity":"","overlay-gradient":""},"tablet":{"background-color":"","background-image":"","background-repeat":"repeat","background-position":"center center","background-size":"auto","background-attachment":"scroll","background-type":"","background-media":"","overlay-type":"","overlay-color":"","overlay-opacity":"","overlay-gradient":""},"mobile":{"background-color":"","background-image":"","background-repeat":"repeat","background-position":"center center","background-size":"auto","background-attachment":"scroll","background-type":"","background-media":"","overlay-type":"","overlay-color":"","overlay-opacity":"","overlay-gradient":""}},"ast-content-background-meta":{"desktop":{"background-color":"var(--ast-global-color-5)","background-image":"","background-repeat":"repeat","background-position":"center center","background-size":"auto","background-attachment":"scroll","background-type":"","background-media":"","overlay-type":"","overlay-color":"","overlay-opacity":"","overlay-gradient":""},"tablet":{"background-color":"var(--ast-global-color-5)","background-image":"","background-repeat":"repeat","background-position":"center center","background-size":"auto","background-attachment":"scroll","background-type":"","background-media":"","overlay-type":"","overlay-color":"","overlay-opacity":"","overlay-gradient":""},"mobile":{"background-color":"var(--ast-global-color-5)","background-image":"","background-repeat":"repeat","background-position":"center center","background-size":"auto","background-attachment":"scroll","background-type":"","background-media":"","overlay-type":"","overlay-color":"","overlay-opacity":"","overlay-gradient":""}},"footnotes":""},"wf_page_folders":[19],"class_list":["post-3999","page","type-page","status-publish","hentry"],"yoast_head":"<!-- This site is optimized with the Yoast SEO plugin v24.6 - https:\/\/yoast.com\/wordpress\/plugins\/seo\/ -->\n<title>Comit\u00e9 de Vivienda y Bienes Ra\u00edces - 25th Ward<\/title>\n<meta name=\"robots\" content=\"index, follow, max-snippet:-1, max-image-preview:large, max-video-preview:-1\" \/>\n<link rel=\"canonical\" href=\"https:\/\/copia25thward.infinity-solutions.community\/es\/ayuntamiento\/miembros-del-comite\/comite-de-vivienda-y-bienes-raices\/\" \/>\n<meta property=\"og:locale\" content=\"es_ES\" \/>\n<meta property=\"og:type\" content=\"article\" \/>\n<meta property=\"og:title\" content=\"Comit\u00e9 de Vivienda y Bienes Ra\u00edces - 25th Ward\" \/>\n<meta property=\"og:description\" content=\"Comit\u00e9 de Vivienda y Bienes Ra\u00edces El Consejo Municipal, que es el \u00f3rgano legislativo de la ciudad de Chicago, cuenta con 20 comisiones que se re\u00fanen peri\u00f3dicamente para debatir las propuestas legislativas. En mayo de 2023, el concejal Byron Sigcho-L\u00f3pez fue nombrado Presidente de la Comisi\u00f3n de Vivienda e Inmuebles. La funci\u00f3n de la Comisi\u00f3n [&hellip;]\" \/>\n<meta property=\"og:url\" content=\"https:\/\/copia25thward.infinity-solutions.community\/es\/ayuntamiento\/miembros-del-comite\/comite-de-vivienda-y-bienes-raices\/\" \/>\n<meta property=\"og:site_name\" content=\"25th Ward\" \/>\n<meta property=\"article:publisher\" content=\"https:\/\/www.facebook.com\/SigchoFor25\" \/>\n<meta property=\"article:modified_time\" content=\"2023-12-21T15:39:46+00:00\" \/>\n<meta property=\"og:image\" content=\"https:\/\/copia25thward.infinity-solutions.community\/wp-content\/uploads\/2023\/08\/Byron-Sigcho-Lopez-Logo-2023-Black.png\" \/>\n\t<meta property=\"og:image:width\" content=\"940\" \/>\n\t<meta property=\"og:image:height\" content=\"788\" \/>\n\t<meta property=\"og:image:type\" content=\"image\/png\" \/>\n<meta name=\"twitter:card\" content=\"summary_large_image\" \/>\n<meta name=\"twitter:site\" content=\"@byronsigcho\" \/>\n<meta name=\"twitter:label1\" content=\"Tiempo de lectura\" \/>\n\t<meta name=\"twitter:data1\" content=\"1 minuto\" \/>\n<script type=\"application\/ld+json\" class=\"yoast-schema-graph\">{\"@context\":\"https:\/\/schema.org\",\"@graph\":[{\"@type\":\"WebPage\",\"@id\":\"https:\/\/copia25thward.infinity-solutions.community\/es\/ayuntamiento\/miembros-del-comite\/comite-de-vivienda-y-bienes-raices\/\",\"url\":\"https:\/\/copia25thward.infinity-solutions.community\/es\/ayuntamiento\/miembros-del-comite\/comite-de-vivienda-y-bienes-raices\/\",\"name\":\"Comit\u00e9 de Vivienda y Bienes Ra\u00edces - 25th Ward\",\"isPartOf\":{\"@id\":\"https:\/\/copia25thward.infinity-solutions.community\/#website\"},\"datePublished\":\"2023-09-16T06:56:53+00:00\",\"dateModified\":\"2023-12-21T15:39:46+00:00\",\"breadcrumb\":{\"@id\":\"https:\/\/copia25thward.infinity-solutions.community\/es\/ayuntamiento\/miembros-del-comite\/comite-de-vivienda-y-bienes-raices\/#breadcrumb\"},\"inLanguage\":\"es\",\"potentialAction\":[{\"@type\":\"ReadAction\",\"target\":[\"https:\/\/copia25thward.infinity-solutions.community\/es\/ayuntamiento\/miembros-del-comite\/comite-de-vivienda-y-bienes-raices\/\"]}]},{\"@type\":\"BreadcrumbList\",\"@id\":\"https:\/\/copia25thward.infinity-solutions.community\/es\/ayuntamiento\/miembros-del-comite\/comite-de-vivienda-y-bienes-raices\/#breadcrumb\",\"itemListElement\":[{\"@type\":\"ListItem\",\"position\":1,\"name\":\"Home\",\"item\":\"https:\/\/copia25thward.infinity-solutions.community\/es\/\"},{\"@type\":\"ListItem\",\"position\":2,\"name\":\"Ayuntamiento\",\"item\":\"https:\/\/copia25thward.infinity-solutions.community\/city-council\/\"},{\"@type\":\"ListItem\",\"position\":3,\"name\":\"Miembros del Comit\u00e9\",\"item\":\"https:\/\/copia25thward.infinity-solutions.community\/es\/ayuntamiento\/miembros-del-comite\/\"},{\"@type\":\"ListItem\",\"position\":4,\"name\":\"Comit\u00e9 de Vivienda y Bienes Ra\u00edces\"}]},{\"@type\":\"WebSite\",\"@id\":\"https:\/\/copia25thward.infinity-solutions.community\/#website\",\"url\":\"https:\/\/copia25thward.infinity-solutions.community\/\",\"name\":\"25th Ward\",\"description\":\"25th Ward Official Website\",\"publisher\":{\"@id\":\"https:\/\/copia25thward.infinity-solutions.community\/#organization\"},\"potentialAction\":[{\"@type\":\"SearchAction\",\"target\":{\"@type\":\"EntryPoint\",\"urlTemplate\":\"https:\/\/copia25thward.infinity-solutions.community\/?s={search_term_string}\"},\"query-input\":{\"@type\":\"PropertyValueSpecification\",\"valueRequired\":true,\"valueName\":\"search_term_string\"}}],\"inLanguage\":\"es\"},{\"@type\":\"Organization\",\"@id\":\"https:\/\/copia25thward.infinity-solutions.community\/#organization\",\"name\":\"Byron Sigcho Lopez\",\"alternateName\":\"25th Ward\",\"url\":\"https:\/\/copia25thward.infinity-solutions.community\/\",\"logo\":{\"@type\":\"ImageObject\",\"inLanguage\":\"es\",\"@id\":\"https:\/\/copia25thward.infinity-solutions.community\/#\/schema\/logo\/image\/\",\"url\":\"http:\/\/copia25thward.infinity-solutions.community\/wp-content\/uploads\/2023\/12\/BSL-Black-Logo-2023-1.png\",\"contentUrl\":\"http:\/\/copia25thward.infinity-solutions.community\/wp-content\/uploads\/2023\/12\/BSL-Black-Logo-2023-1.png\",\"width\":854,\"height\":285,\"caption\":\"Byron Sigcho Lopez\"},\"image\":{\"@id\":\"https:\/\/copia25thward.infinity-solutions.community\/#\/schema\/logo\/image\/\"},\"sameAs\":[\"https:\/\/www.facebook.com\/SigchoFor25\",\"https:\/\/x.com\/byronsigcho\",\"https:\/\/www.instagram.com\/sigchofor25\/\"]}]}<\/script>\n<!-- \/ Yoast SEO plugin. -->","yoast_head_json":{"title":"Comit\u00e9 de Vivienda y Bienes Ra\u00edces - 25th Ward","robots":{"index":"index","follow":"follow","max-snippet":"max-snippet:-1","max-image-preview":"max-image-preview:large","max-video-preview":"max-video-preview:-1"},"canonical":"https:\/\/copia25thward.infinity-solutions.community\/es\/ayuntamiento\/miembros-del-comite\/comite-de-vivienda-y-bienes-raices\/","og_locale":"es_ES","og_type":"article","og_title":"Comit\u00e9 de Vivienda y Bienes Ra\u00edces - 25th Ward","og_description":"Comit\u00e9 de Vivienda y Bienes Ra\u00edces El Consejo Municipal, que es el \u00f3rgano legislativo de la ciudad de Chicago, cuenta con 20 comisiones que se re\u00fanen peri\u00f3dicamente para debatir las propuestas legislativas. En mayo de 2023, el concejal Byron Sigcho-L\u00f3pez fue nombrado Presidente de la Comisi\u00f3n de Vivienda e Inmuebles. La funci\u00f3n de la Comisi\u00f3n [&hellip;]","og_url":"https:\/\/copia25thward.infinity-solutions.community\/es\/ayuntamiento\/miembros-del-comite\/comite-de-vivienda-y-bienes-raices\/","og_site_name":"25th Ward","article_publisher":"https:\/\/www.facebook.com\/SigchoFor25","article_modified_time":"2023-12-21T15:39:46+00:00","og_image":[{"width":940,"height":788,"url":"https:\/\/copia25thward.infinity-solutions.community\/wp-content\/uploads\/2023\/08\/Byron-Sigcho-Lopez-Logo-2023-Black.png","type":"image\/png"}],"twitter_card":"summary_large_image","twitter_site":"@byronsigcho","twitter_misc":{"Tiempo de lectura":"1 minuto"},"schema":{"@context":"https:\/\/schema.org","@graph":[{"@type":"WebPage","@id":"https:\/\/copia25thward.infinity-solutions.community\/es\/ayuntamiento\/miembros-del-comite\/comite-de-vivienda-y-bienes-raices\/","url":"https:\/\/copia25thward.infinity-solutions.community\/es\/ayuntamiento\/miembros-del-comite\/comite-de-vivienda-y-bienes-raices\/","name":"Comit\u00e9 de Vivienda y Bienes Ra\u00edces - 25th Ward","isPartOf":{"@id":"https:\/\/copia25thward.infinity-solutions.community\/#website"},"datePublished":"2023-09-16T06:56:53+00:00","dateModified":"2023-12-21T15:39:46+00:00","breadcrumb":{"@id":"https:\/\/copia25thward.infinity-solutions.community\/es\/ayuntamiento\/miembros-del-comite\/comite-de-vivienda-y-bienes-raices\/#breadcrumb"},"inLanguage":"es","potentialAction":[{"@type":"ReadAction","target":["https:\/\/copia25thward.infinity-solutions.community\/es\/ayuntamiento\/miembros-del-comite\/comite-de-vivienda-y-bienes-raices\/"]}]},{"@type":"BreadcrumbList","@id":"https:\/\/copia25thward.infinity-solutions.community\/es\/ayuntamiento\/miembros-del-comite\/comite-de-vivienda-y-bienes-raices\/#breadcrumb","itemListElement":[{"@type":"ListItem","position":1,"name":"Home","item":"https:\/\/copia25thward.infinity-solutions.community\/es\/"},{"@type":"ListItem","position":2,"name":"Ayuntamiento","item":"https:\/\/copia25thward.infinity-solutions.community\/city-council\/"},{"@type":"ListItem","position":3,"name":"Miembros del Comit\u00e9","item":"https:\/\/copia25thward.infinity-solutions.community\/es\/ayuntamiento\/miembros-del-comite\/"},{"@type":"ListItem","position":4,"name":"Comit\u00e9 de Vivienda y Bienes Ra\u00edces"}]},{"@type":"WebSite","@id":"https:\/\/copia25thward.infinity-solutions.community\/#website","url":"https:\/\/copia25thward.infinity-solutions.community\/","name":"25th Ward","description":"25th Ward Official Website","publisher":{"@id":"https:\/\/copia25thward.infinity-solutions.community\/#organization"},"potentialAction":[{"@type":"SearchAction","target":{"@type":"EntryPoint","urlTemplate":"https:\/\/copia25thward.infinity-solutions.community\/?s={search_term_string}"},"query-input":{"@type":"PropertyValueSpecification","valueRequired":true,"valueName":"search_term_string"}}],"inLanguage":"es"},{"@type":"Organization","@id":"https:\/\/copia25thward.infinity-solutions.community\/#organization","name":"Byron Sigcho Lopez","alternateName":"25th Ward","url":"https:\/\/copia25thward.infinity-solutions.community\/","logo":{"@type":"ImageObject","inLanguage":"es","@id":"https:\/\/copia25thward.infinity-solutions.community\/#\/schema\/logo\/image\/","url":"http:\/\/copia25thward.infinity-solutions.community\/wp-content\/uploads\/2023\/12\/BSL-Black-Logo-2023-1.png","contentUrl":"http:\/\/copia25thward.infinity-solutions.community\/wp-content\/uploads\/2023\/12\/BSL-Black-Logo-2023-1.png","width":854,"height":285,"caption":"Byron Sigcho Lopez"},"image":{"@id":"https:\/\/copia25thward.infinity-solutions.community\/#\/schema\/logo\/image\/"},"sameAs":["https:\/\/www.facebook.com\/SigchoFor25","https:\/\/x.com\/byronsigcho","https:\/\/www.instagram.com\/sigchofor25\/"]}]}},"_links":{"self":[{"href":"https:\/\/copia25thward.infinity-solutions.community\/es\/wp-json\/wp\/v2\/pages\/3999","targetHints":{"allow":["GET"]}}],"collection":[{"href":"https:\/\/copia25thward.infinity-solutions.community\/es\/wp-json\/wp\/v2\/pages"}],"about":[{"href":"https:\/\/copia25thward.infinity-solutions.community\/es\/wp-json\/wp\/v2\/types\/page"}],"author":[{"embeddable":true,"href":"https:\/\/copia25thward.infinity-solutions.community\/es\/wp-json\/wp\/v2\/users\/2"}],"replies":[{"embeddable":true,"href":"https:\/\/copia25thward.infinity-solutions.community\/es\/wp-json\/wp\/v2\/comments?post=3999"}],"version-history":[{"count":7,"href":"https:\/\/copia25thward.infinity-solutions.community\/es\/wp-json\/wp\/v2\/pages\/3999\/revisions"}],"predecessor-version":[{"id":8688,"href":"https:\/\/copia25thward.infinity-solutions.community\/es\/wp-json\/wp\/v2\/pages\/3999\/revisions\/8688"}],"up":[{"embeddable":true,"href":"https:\/\/copia25thward.infinity-solutions.community\/es\/wp-json\/wp\/v2\/pages\/4092"}],"wp:attachment":[{"href":"https:\/\/copia25thward.infinity-solutions.community\/es\/wp-json\/wp\/v2\/media?parent=3999"}],"wp:term":[{"taxonomy":"wf_page_folders","embeddable":true,"href":"https:\/\/copia25thward.infinity-solutions.community\/es\/wp-json\/wp\/v2\/wf_page_folders?post=3999"}],"curies":[{"name":"wp","href":"https:\/\/api.w.org\/{rel}","templated":true}]}}