{"id":4002,"date":"2023-08-31T01:33:52","date_gmt":"2023-08-31T06:33:52","guid":{"rendered":"https:\/\/copia25thward.infinity-solutions.community\/asuntos-de-zonificacion\/"},"modified":"2024-10-25T11:29:34","modified_gmt":"2024-10-25T16:29:34","slug":"asuntos-de-zonificacion","status":"publish","type":"page","link":"https:\/\/copia25thward.infinity-solutions.community\/es\/zonificacion\/asuntos-de-zonificacion\/","title":{"rendered":"Asuntos de zonificaci\u00f3n"},"content":{"rendered":"\t\t<div data-elementor-type=\"wp-page\" data-elementor-id=\"4002\" class=\"elementor elementor-4002 elementor-1925\" data-elementor-post-type=\"page\">\n\t\t\t\t\t\t<section data-particle_enable=\"false\" data-particle-mobile-disabled=\"false\" class=\"elementor-section elementor-top-section elementor-element elementor-element-fb22fd0 elementor-section-full_width animated-slow elementor-section-height-default elementor-section-height-default elementor-invisible\" data-id=\"fb22fd0\" data-element_type=\"section\" data-e-type=\"section\" data-settings=\"{&quot;background_background&quot;:&quot;classic&quot;,&quot;animation&quot;:&quot;fadeInRight&quot;}\">\n\t\t\t\t\t\t<div class=\"elementor-container elementor-column-gap-default\">\n\t\t\t\t\t<div class=\"elementor-column elementor-col-66 elementor-top-column elementor-element elementor-element-53939e9\" data-id=\"53939e9\" data-element_type=\"column\" data-e-type=\"column\">\n\t\t\t<div class=\"elementor-widget-wrap elementor-element-populated\">\n\t\t\t\t\t\t<div class=\"elementor-element elementor-element-1805976 elementor-widget elementor-widget-breadcrumbs\" data-id=\"1805976\" data-element_type=\"widget\" data-e-type=\"widget\" data-widget_type=\"breadcrumbs.default\">\n\t\t\t\t<div class=\"elementor-widget-container\">\n\t\t\t\t\t<div id=\"breadcrumbs\"><span><span><a href=\"https:\/\/copia25thward.infinity-solutions.community\/es\/\">Home<\/a><\/span><\/span><\/div>\t\t\t\t<\/div>\n\t\t\t\t<\/div>\n\t\t\t\t\t<\/div>\n\t\t<\/div>\n\t\t\t\t<div class=\"elementor-column elementor-col-33 elementor-top-column elementor-element elementor-element-ce77850 elementor-hidden-mobile\" data-id=\"ce77850\" data-element_type=\"column\" data-e-type=\"column\">\n\t\t\t<div class=\"elementor-widget-wrap\">\n\t\t\t\t\t\t\t<\/div>\n\t\t<\/div>\n\t\t\t\t\t<\/div>\n\t\t<\/section>\n\t\t\t\t<section data-particle_enable=\"false\" data-particle-mobile-disabled=\"false\" class=\"elementor-section elementor-top-section elementor-element elementor-element-c4496a4 elementor-section-full_width animated-slow elementor-section-height-default elementor-section-height-default elementor-invisible\" data-id=\"c4496a4\" data-element_type=\"section\" data-e-type=\"section\" data-settings=\"{&quot;background_background&quot;:&quot;classic&quot;,&quot;animation&quot;:&quot;fadeInRight&quot;}\">\n\t\t\t\t\t\t<div class=\"elementor-container elementor-column-gap-default\">\n\t\t\t\t\t<div class=\"elementor-column elementor-col-66 elementor-top-column elementor-element elementor-element-107435d\" data-id=\"107435d\" data-element_type=\"column\" data-e-type=\"column\">\n\t\t\t<div class=\"elementor-widget-wrap elementor-element-populated\">\n\t\t\t\t\t\t<div class=\"elementor-element elementor-element-1cc54fb elementor-widget elementor-widget-heading\" data-id=\"1cc54fb\" data-element_type=\"widget\" data-e-type=\"widget\" data-widget_type=\"heading.default\">\n\t\t\t\t<div class=\"elementor-widget-container\">\n\t\t\t\t\t<h2 class=\"elementor-heading-title elementor-size-default\">Asuntos de zonificaci\u00f3n del Distrito 25<\/h2>\t\t\t\t<\/div>\n\t\t\t\t<\/div>\n\t\t\t\t<div class=\"elementor-element elementor-element-e8e7e44 elementor-widget elementor-widget-text-editor\" data-id=\"e8e7e44\" data-element_type=\"widget\" data-e-type=\"widget\" data-widget_type=\"text-editor.default\">\n\t\t\t\t<div class=\"elementor-widget-container\">\n\t\t\t\t\t\t\t\t\t<p>Los siguientes desarrollos fueron escuchados por la Junta Asesora de Zonificaci\u00f3n 25th Ward (ZAB) o estar\u00e1n en la pr\u00f3xima agenda. La ZAB del Distrito 25 se re\u00fane cada dos meses o seg\u00fan sea necesario para proporcionar informaci\u00f3n al Concejal sobre los proyectos propuestos.<\/p><p>Puede <strong>enviar sus comentarios<\/strong> sobre asuntos pendientes a la consideraci\u00f3n del Concejal rellenando el formulario de comentarios que aparece a continuaci\u00f3n, o enviando un correo electr\u00f3nico a <a href=\"mailto:ward25@cityofchicago.org\"><strong>Ward25@cityofchicago.org<\/strong><\/a> o llamando a la oficina al <strong><a href=\"tel:7735234100\">(773) 523-4100.<\/a><\/strong><\/p><p>La pr\u00f3xima reuni\u00f3n del ZAB se celebrar\u00e1 el lunes d\u00eda de mes de 2024.<\/p>\t\t\t\t\t\t\t\t<\/div>\n\t\t\t\t<\/div>\n\t\t\t\t<div class=\"elementor-element elementor-element-7b1f21a elementor-widget elementor-widget-heading\" data-id=\"7b1f21a\" data-element_type=\"widget\" data-e-type=\"widget\" data-widget_type=\"heading.default\">\n\t\t\t\t<div class=\"elementor-widget-container\">\n\t\t\t\t\t<h4 class=\"elementor-heading-title elementor-size-default\">Haga clic aqu\u00ed para enviar un correo electr\u00f3nico o llamar:<\/h4>\t\t\t\t<\/div>\n\t\t\t\t<\/div>\n\t\t\t\t<div class=\"elementor-element elementor-element-f31c634 elementor-align-left elementor-widget__width-auto elementor-widget elementor-widget-button\" data-id=\"f31c634\" data-element_type=\"widget\" data-e-type=\"widget\" data-widget_type=\"button.default\">\n\t\t\t\t<div class=\"elementor-widget-container\">\n\t\t\t\t\t\t\t\t\t<div class=\"elementor-button-wrapper\">\n\t\t\t\t\t<a class=\"elementor-button elementor-button-link elementor-size-sm\" href=\"mailto:ward25@citiofchicago.org\" target=\"_blank\">\n\t\t\t\t\t\t<span class=\"elementor-button-content-wrapper\">\n\t\t\t\t\t\t\t\t\t<span class=\"elementor-button-text\"> Correo electr\u00f3nico<\/span>\n\t\t\t\t\t<\/span>\n\t\t\t\t\t<\/a>\n\t\t\t\t<\/div>\n\t\t\t\t\t\t\t\t<\/div>\n\t\t\t\t<\/div>\n\t\t\t\t<div class=\"elementor-element elementor-element-213029e elementor-align-left elementor-widget__width-auto elementor-widget elementor-widget-button\" data-id=\"213029e\" data-element_type=\"widget\" data-e-type=\"widget\" data-widget_type=\"button.default\">\n\t\t\t\t<div class=\"elementor-widget-container\">\n\t\t\t\t\t\t\t\t\t<div class=\"elementor-button-wrapper\">\n\t\t\t\t\t<a class=\"elementor-button elementor-button-link elementor-size-sm\" href=\"tel:7735234100\" target=\"_blank\">\n\t\t\t\t\t\t<span class=\"elementor-button-content-wrapper\">\n\t\t\t\t\t\t\t\t\t<span class=\"elementor-button-text\"> llamar<\/span>\n\t\t\t\t\t<\/span>\n\t\t\t\t\t<\/a>\n\t\t\t\t<\/div>\n\t\t\t\t\t\t\t\t<\/div>\n\t\t\t\t<\/div>\n\t\t\t\t<div class=\"elementor-element elementor-element-2b98983 elementor-align-left elementor-widget__width-auto elementor-widget elementor-widget-button\" data-id=\"2b98983\" data-element_type=\"widget\" data-e-type=\"widget\" data-widget_type=\"button.default\">\n\t\t\t\t<div class=\"elementor-widget-container\">\n\t\t\t\t\t\t\t\t\t<div class=\"elementor-button-wrapper\">\n\t\t\t\t\t<a class=\"elementor-button elementor-button-link elementor-size-sm\" href=\"#elementor-action%3Aaction%3Dpopup%3Aopen%26settings%3DeyJpZCI6NzI2OSwidG9nZ2xlIjpmYWxzZX0%3D\" target=\"_blank\">\n\t\t\t\t\t\t<span class=\"elementor-button-content-wrapper\">\n\t\t\t\t\t\t\t\t\t<span class=\"elementor-button-text\">Formulario<\/span>\n\t\t\t\t\t<\/span>\n\t\t\t\t\t<\/a>\n\t\t\t\t<\/div>\n\t\t\t\t\t\t\t\t<\/div>\n\t\t\t\t<\/div>\n\t\t\t\t\t<\/div>\n\t\t<\/div>\n\t\t\t\t<div class=\"elementor-column elementor-col-33 elementor-top-column elementor-element elementor-element-fbc7001 elementor-hidden-tablet elementor-hidden-mobile\" data-id=\"fbc7001\" data-element_type=\"column\" data-e-type=\"column\">\n\t\t\t<div class=\"elementor-widget-wrap\">\n\t\t\t\t\t\t\t<\/div>\n\t\t<\/div>\n\t\t\t\t\t<\/div>\n\t\t<\/section>\n\t\t\t\t<section data-particle_enable=\"false\" data-particle-mobile-disabled=\"false\" class=\"elementor-section elementor-top-section elementor-element elementor-element-64e8dea elementor-section-boxed elementor-section-height-default elementor-section-height-default\" data-id=\"64e8dea\" data-element_type=\"section\" data-e-type=\"section\">\n\t\t\t\t\t\t<div class=\"elementor-container elementor-column-gap-no\">\n\t\t\t\t\t<div class=\"elementor-column elementor-col-100 elementor-top-column elementor-element elementor-element-5db8bea\" data-id=\"5db8bea\" data-element_type=\"column\" data-e-type=\"column\">\n\t\t\t<div class=\"elementor-widget-wrap elementor-element-populated\">\n\t\t\t\t\t\t<div class=\"elementor-element elementor-element-9688efa elementor-widget elementor-widget-html\" data-id=\"9688efa\" data-element_type=\"widget\" data-e-type=\"widget\" data-widget_type=\"html.default\">\n\t\t\t\t<div class=\"elementor-widget-container\">\n\t\t\t\t\t<iframe class=\"airtable-embed\" src=\"https:\/\/airtable.com\/embed\/appIPyZmYnaOcr6Je\/shrKjNfbyLO2bqE5h?backgroundColor=blue&amp;layout=card&amp;viewControls=on\" frameborder=\"0\" onmousewheel=\"\" width=\"100%\" height=\"533\" style=\"background: transparent; border: 1px solid #ccc;\"><\/iframe>\t\t\t\t<\/div>\n\t\t\t\t<\/div>\n\t\t\t\t\t<\/div>\n\t\t<\/div>\n\t\t\t\t\t<\/div>\n\t\t<\/section>\n\t\t\t\t<\/div>\n\t\t","protected":false},"excerpt":{"rendered":"<p>Asuntos de zonificaci\u00f3n del Distrito 25 Los siguientes desarrollos fueron escuchados por la Junta Asesora de Zonificaci\u00f3n 25th Ward (ZAB) o estar\u00e1n en la pr\u00f3xima agenda. La ZAB del Distrito 25 se re\u00fane cada dos meses o seg\u00fan sea necesario para proporcionar informaci\u00f3n al Concejal sobre los proyectos propuestos. Puede enviar sus comentarios sobre asuntos [&hellip;]<\/p>\n","protected":false},"author":2,"featured_media":0,"parent":4005,"menu_order":0,"comment_status":"closed","ping_status":"closed","template":"","meta":{"site-sidebar-layout":"no-sidebar","site-content-layout":"page-builder","ast-site-content-layout":"full-width-container","site-content-style":"unboxed","site-sidebar-style":"unboxed","ast-global-header-display":"","ast-banner-title-visibility":"","ast-main-header-display":"","ast-hfb-above-header-display":"","ast-hfb-below-header-display":"","ast-hfb-mobile-header-display":"","site-post-title":"disabled","ast-breadcrumbs-content":"","ast-featured-img":"disabled","footer-sml-layout":"","ast-disable-related-posts":"","theme-transparent-header-meta":"","adv-header-id-meta":"","stick-header-meta":"","header-above-stick-meta":"","header-main-stick-meta":"","header-below-stick-meta":"","astra-migrate-meta-layouts":"default","ast-page-background-enabled":"default","ast-page-background-meta":{"desktop":{"background-color":"var(--ast-global-color-4)","background-image":"","background-repeat":"repeat","background-position":"center center","background-size":"auto","background-attachment":"scroll","background-type":"","background-media":"","overlay-type":"","overlay-color":"","overlay-opacity":"","overlay-gradient":""},"tablet":{"background-color":"","background-image":"","background-repeat":"repeat","background-position":"center center","background-size":"auto","background-attachment":"scroll","background-type":"","background-media":"","overlay-type":"","overlay-color":"","overlay-opacity":"","overlay-gradient":""},"mobile":{"background-color":"","background-image":"","background-repeat":"repeat","background-position":"center center","background-size":"auto","background-attachment":"scroll","background-type":"","background-media":"","overlay-type":"","overlay-color":"","overlay-opacity":"","overlay-gradient":""}},"ast-content-background-meta":{"desktop":{"background-color":"var(--ast-global-color-5)","background-image":"","background-repeat":"repeat","background-position":"center center","background-size":"auto","background-attachment":"scroll","background-type":"","background-media":"","overlay-type":"","overlay-color":"","overlay-opacity":"","overlay-gradient":""},"tablet":{"background-color":"var(--ast-global-color-5)","background-image":"","background-repeat":"repeat","background-position":"center center","background-size":"auto","background-attachment":"scroll","background-type":"","background-media":"","overlay-type":"","overlay-color":"","overlay-opacity":"","overlay-gradient":""},"mobile":{"background-color":"var(--ast-global-color-5)","background-image":"","background-repeat":"repeat","background-position":"center center","background-size":"auto","background-attachment":"scroll","background-type":"","background-media":"","overlay-type":"","overlay-color":"","overlay-opacity":"","overlay-gradient":""}},"footnotes":""},"wf_page_folders":[19],"class_list":["post-4002","page","type-page","status-publish","hentry"],"yoast_head":"<!-- This site is optimized with the Yoast SEO plugin v24.6 - https:\/\/yoast.com\/wordpress\/plugins\/seo\/ -->\n<title>Asuntos de zonificaci\u00f3n - 25th Ward<\/title>\n<meta name=\"robots\" content=\"index, follow, max-snippet:-1, max-image-preview:large, max-video-preview:-1\" \/>\n<link rel=\"canonical\" href=\"https:\/\/copia25thward.infinity-solutions.community\/zoning\/zoning-matters\/\" \/>\n<meta property=\"og:locale\" content=\"es_ES\" \/>\n<meta property=\"og:type\" content=\"article\" \/>\n<meta property=\"og:title\" content=\"Asuntos de zonificaci\u00f3n - 25th Ward\" \/>\n<meta property=\"og:description\" content=\"Asuntos de zonificaci\u00f3n del Distrito 25 Los siguientes desarrollos fueron escuchados por la Junta Asesora de Zonificaci\u00f3n 25th Ward (ZAB) o estar\u00e1n en la pr\u00f3xima agenda. La ZAB del Distrito 25 se re\u00fane cada dos meses o seg\u00fan sea necesario para proporcionar informaci\u00f3n al Concejal sobre los proyectos propuestos. Puede enviar sus comentarios sobre asuntos [&hellip;]\" \/>\n<meta property=\"og:url\" content=\"https:\/\/copia25thward.infinity-solutions.community\/zoning\/zoning-matters\/\" \/>\n<meta property=\"og:site_name\" content=\"25th Ward\" \/>\n<meta property=\"article:publisher\" content=\"https:\/\/www.facebook.com\/SigchoFor25\" \/>\n<meta property=\"article:modified_time\" content=\"2024-10-25T16:29:34+00:00\" \/>\n<meta property=\"og:image\" content=\"https:\/\/copia25thward.infinity-solutions.community\/wp-content\/uploads\/2023\/08\/Byron-Sigcho-Lopez-Logo-2023-Black.png\" \/>\n\t<meta property=\"og:image:width\" content=\"940\" \/>\n\t<meta property=\"og:image:height\" content=\"788\" \/>\n\t<meta property=\"og:image:type\" content=\"image\/png\" \/>\n<meta name=\"twitter:card\" content=\"summary_large_image\" \/>\n<meta name=\"twitter:site\" content=\"@byronsigcho\" \/>\n<meta name=\"twitter:label1\" content=\"Tiempo de lectura\" \/>\n\t<meta name=\"twitter:data1\" content=\"1 minuto\" \/>\n<script type=\"application\/ld+json\" class=\"yoast-schema-graph\">{\"@context\":\"https:\/\/schema.org\",\"@graph\":[{\"@type\":\"WebPage\",\"@id\":\"https:\/\/copia25thward.infinity-solutions.community\/zoning\/zoning-matters\/\",\"url\":\"https:\/\/copia25thward.infinity-solutions.community\/zoning\/zoning-matters\/\",\"name\":\"Asuntos de zonificaci\u00f3n - 25th Ward\",\"isPartOf\":{\"@id\":\"https:\/\/copia25thward.infinity-solutions.community\/#website\"},\"datePublished\":\"2023-08-31T06:33:52+00:00\",\"dateModified\":\"2024-10-25T16:29:34+00:00\",\"breadcrumb\":{\"@id\":\"https:\/\/copia25thward.infinity-solutions.community\/zoning\/zoning-matters\/#breadcrumb\"},\"inLanguage\":\"es\",\"potentialAction\":[{\"@type\":\"ReadAction\",\"target\":[\"https:\/\/copia25thward.infinity-solutions.community\/zoning\/zoning-matters\/\"]}]},{\"@type\":\"BreadcrumbList\",\"@id\":\"https:\/\/copia25thward.infinity-solutions.community\/zoning\/zoning-matters\/#breadcrumb\",\"itemListElement\":[{\"@type\":\"ListItem\",\"position\":1,\"name\":\"Home\",\"item\":\"https:\/\/copia25thward.infinity-solutions.community\/es\/\"},{\"@type\":\"ListItem\",\"position\":2,\"name\":\"Zonificaci\u00f3n\",\"item\":\"https:\/\/copia25thward.infinity-solutions.community\/es\/zonificacion\/\"},{\"@type\":\"ListItem\",\"position\":3,\"name\":\"Asuntos de zonificaci\u00f3n\"}]},{\"@type\":\"WebSite\",\"@id\":\"https:\/\/copia25thward.infinity-solutions.community\/#website\",\"url\":\"https:\/\/copia25thward.infinity-solutions.community\/\",\"name\":\"25th Ward\",\"description\":\"25th Ward Official Website\",\"publisher\":{\"@id\":\"https:\/\/copia25thward.infinity-solutions.community\/#organization\"},\"potentialAction\":[{\"@type\":\"SearchAction\",\"target\":{\"@type\":\"EntryPoint\",\"urlTemplate\":\"https:\/\/copia25thward.infinity-solutions.community\/?s={search_term_string}\"},\"query-input\":{\"@type\":\"PropertyValueSpecification\",\"valueRequired\":true,\"valueName\":\"search_term_string\"}}],\"inLanguage\":\"es\"},{\"@type\":\"Organization\",\"@id\":\"https:\/\/copia25thward.infinity-solutions.community\/#organization\",\"name\":\"Byron Sigcho Lopez\",\"alternateName\":\"25th Ward\",\"url\":\"https:\/\/copia25thward.infinity-solutions.community\/\",\"logo\":{\"@type\":\"ImageObject\",\"inLanguage\":\"es\",\"@id\":\"https:\/\/copia25thward.infinity-solutions.community\/#\/schema\/logo\/image\/\",\"url\":\"http:\/\/copia25thward.infinity-solutions.community\/wp-content\/uploads\/2023\/12\/BSL-Black-Logo-2023-1.png\",\"contentUrl\":\"http:\/\/copia25thward.infinity-solutions.community\/wp-content\/uploads\/2023\/12\/BSL-Black-Logo-2023-1.png\",\"width\":854,\"height\":285,\"caption\":\"Byron Sigcho Lopez\"},\"image\":{\"@id\":\"https:\/\/copia25thward.infinity-solutions.community\/#\/schema\/logo\/image\/\"},\"sameAs\":[\"https:\/\/www.facebook.com\/SigchoFor25\",\"https:\/\/x.com\/byronsigcho\",\"https:\/\/www.instagram.com\/sigchofor25\/\"]}]}<\/script>\n<!-- \/ Yoast SEO plugin. -->","yoast_head_json":{"title":"Asuntos de zonificaci\u00f3n - 25th Ward","robots":{"index":"index","follow":"follow","max-snippet":"max-snippet:-1","max-image-preview":"max-image-preview:large","max-video-preview":"max-video-preview:-1"},"canonical":"https:\/\/copia25thward.infinity-solutions.community\/zoning\/zoning-matters\/","og_locale":"es_ES","og_type":"article","og_title":"Asuntos de zonificaci\u00f3n - 25th Ward","og_description":"Asuntos de zonificaci\u00f3n del Distrito 25 Los siguientes desarrollos fueron escuchados por la Junta Asesora de Zonificaci\u00f3n 25th Ward (ZAB) o estar\u00e1n en la pr\u00f3xima agenda. La ZAB del Distrito 25 se re\u00fane cada dos meses o seg\u00fan sea necesario para proporcionar informaci\u00f3n al Concejal sobre los proyectos propuestos. Puede enviar sus comentarios sobre asuntos [&hellip;]","og_url":"https:\/\/copia25thward.infinity-solutions.community\/zoning\/zoning-matters\/","og_site_name":"25th Ward","article_publisher":"https:\/\/www.facebook.com\/SigchoFor25","article_modified_time":"2024-10-25T16:29:34+00:00","og_image":[{"width":940,"height":788,"url":"https:\/\/copia25thward.infinity-solutions.community\/wp-content\/uploads\/2023\/08\/Byron-Sigcho-Lopez-Logo-2023-Black.png","type":"image\/png"}],"twitter_card":"summary_large_image","twitter_site":"@byronsigcho","twitter_misc":{"Tiempo de lectura":"1 minuto"},"schema":{"@context":"https:\/\/schema.org","@graph":[{"@type":"WebPage","@id":"https:\/\/copia25thward.infinity-solutions.community\/zoning\/zoning-matters\/","url":"https:\/\/copia25thward.infinity-solutions.community\/zoning\/zoning-matters\/","name":"Asuntos de zonificaci\u00f3n - 25th Ward","isPartOf":{"@id":"https:\/\/copia25thward.infinity-solutions.community\/#website"},"datePublished":"2023-08-31T06:33:52+00:00","dateModified":"2024-10-25T16:29:34+00:00","breadcrumb":{"@id":"https:\/\/copia25thward.infinity-solutions.community\/zoning\/zoning-matters\/#breadcrumb"},"inLanguage":"es","potentialAction":[{"@type":"ReadAction","target":["https:\/\/copia25thward.infinity-solutions.community\/zoning\/zoning-matters\/"]}]},{"@type":"BreadcrumbList","@id":"https:\/\/copia25thward.infinity-solutions.community\/zoning\/zoning-matters\/#breadcrumb","itemListElement":[{"@type":"ListItem","position":1,"name":"Home","item":"https:\/\/copia25thward.infinity-solutions.community\/es\/"},{"@type":"ListItem","position":2,"name":"Zonificaci\u00f3n","item":"https:\/\/copia25thward.infinity-solutions.community\/es\/zonificacion\/"},{"@type":"ListItem","position":3,"name":"Asuntos de zonificaci\u00f3n"}]},{"@type":"WebSite","@id":"https:\/\/copia25thward.infinity-solutions.community\/#website","url":"https:\/\/copia25thward.infinity-solutions.community\/","name":"25th Ward","description":"25th Ward Official Website","publisher":{"@id":"https:\/\/copia25thward.infinity-solutions.community\/#organization"},"potentialAction":[{"@type":"SearchAction","target":{"@type":"EntryPoint","urlTemplate":"https:\/\/copia25thward.infinity-solutions.community\/?s={search_term_string}"},"query-input":{"@type":"PropertyValueSpecification","valueRequired":true,"valueName":"search_term_string"}}],"inLanguage":"es"},{"@type":"Organization","@id":"https:\/\/copia25thward.infinity-solutions.community\/#organization","name":"Byron Sigcho Lopez","alternateName":"25th Ward","url":"https:\/\/copia25thward.infinity-solutions.community\/","logo":{"@type":"ImageObject","inLanguage":"es","@id":"https:\/\/copia25thward.infinity-solutions.community\/#\/schema\/logo\/image\/","url":"http:\/\/copia25thward.infinity-solutions.community\/wp-content\/uploads\/2023\/12\/BSL-Black-Logo-2023-1.png","contentUrl":"http:\/\/copia25thward.infinity-solutions.community\/wp-content\/uploads\/2023\/12\/BSL-Black-Logo-2023-1.png","width":854,"height":285,"caption":"Byron Sigcho Lopez"},"image":{"@id":"https:\/\/copia25thward.infinity-solutions.community\/#\/schema\/logo\/image\/"},"sameAs":["https:\/\/www.facebook.com\/SigchoFor25","https:\/\/x.com\/byronsigcho","https:\/\/www.instagram.com\/sigchofor25\/"]}]}},"_links":{"self":[{"href":"https:\/\/copia25thward.infinity-solutions.community\/es\/wp-json\/wp\/v2\/pages\/4002","targetHints":{"allow":["GET"]}}],"collection":[{"href":"https:\/\/copia25thward.infinity-solutions.community\/es\/wp-json\/wp\/v2\/pages"}],"about":[{"href":"https:\/\/copia25thward.infinity-solutions.community\/es\/wp-json\/wp\/v2\/types\/page"}],"author":[{"embeddable":true,"href":"https:\/\/copia25thward.infinity-solutions.community\/es\/wp-json\/wp\/v2\/users\/2"}],"replies":[{"embeddable":true,"href":"https:\/\/copia25thward.infinity-solutions.community\/es\/wp-json\/wp\/v2\/comments?post=4002"}],"version-history":[{"count":60,"href":"https:\/\/copia25thward.infinity-solutions.community\/es\/wp-json\/wp\/v2\/pages\/4002\/revisions"}],"predecessor-version":[{"id":12756,"href":"https:\/\/copia25thward.infinity-solutions.community\/es\/wp-json\/wp\/v2\/pages\/4002\/revisions\/12756"}],"up":[{"embeddable":true,"href":"https:\/\/copia25thward.infinity-solutions.community\/es\/wp-json\/wp\/v2\/pages\/4005"}],"wp:attachment":[{"href":"https:\/\/copia25thward.infinity-solutions.community\/es\/wp-json\/wp\/v2\/media?parent=4002"}],"wp:term":[{"taxonomy":"wf_page_folders","embeddable":true,"href":"https:\/\/copia25thward.infinity-solutions.community\/es\/wp-json\/wp\/v2\/wf_page_folders?post=4002"}],"curies":[{"name":"wp","href":"https:\/\/api.w.org\/{rel}","templated":true}]}}